{"id":3971,"date":"2026-03-31T16:31:04","date_gmt":"2026-03-31T14:31:04","guid":{"rendered":"https:\/\/myflowin.com\/tarification\/"},"modified":"2026-04-21T12:31:34","modified_gmt":"2026-04-21T10:31:34","slug":"simuler-tarif","status":"publish","type":"page","link":"https:\/\/myflowin.com\/fr\/simuler-tarif\/","title":{"rendered":"Tarification"},"content":{"rendered":"<!--\n    Title: Hero\n-->\n\n\n<section class=\"gc-hero\">\n    <!--\n    Title: Container\n    Mode: preview\n    SupportsJSX: true\n    Blueprint: false\n-->\n\n\n<div class=\"gc-container gc-container--small gc-hero__container gc-hero__container--black\">\n    <div class=\"gc-hero__wrapper\">\n                            <div class=\"gc-breadcrumbs gc-hero__breadcrumbs\">\n    <\/div>\n                        <h1 class=\"gc-hero__title\">\n                <p>\u00c9tendez les capacit\u00e9s d&#8217;e-facturation de votre logiciel avec des tarifs pr\u00e9visibles<\/p>\n\n            <\/h1>\n\n            <div class=\"gc-hero__content\">\n                <p>Flowin propose une tarification par paliers, transparente, sans frais par document ni engagement minimum \u2014 pour que vos co\u00fbts restent ma\u00eetris\u00e9s, m\u00eame quand l&#8217;utilisation de vos clients augmente.<\/p>\n\n            <\/div>\n\n                            <div class=\"gc-hero__buttons\">\n                                            <a\n        href=\"#calc\" class=\"gc-button gc-button--blue gc-hero__button\">\n                    Simuler mon tarif\n        \n                    <svg class='gc-button__icon' xmlns=\"http:\/\/www.w3.org\/2000\/svg\" viewBox=\"0 0 512 512\"><!--! Font Awesome Pro 7.0.0 by @fontawesome - https:\/\/fontawesome.com License - https:\/\/fontawesome.com\/license (Commercial License) Copyright 2025 Fonticons, Inc. --><path fill=\"currentColor\" d=\"M507.3 267.3c6.2-6.2 6.2-16.4 0-22.6l-176-176c-6.2-6.2-16.4-6.2-22.6 0s-6.2 16.4 0 22.6L457.4 240 16 240c-8.8 0-16 7.2-16 16s7.2 16 16 16l441.4 0-148.7 148.7c-6.2 6.2-6.2 16.4 0 22.6s16.4 6.2 22.6 0l176-176z\"\/><\/svg>\n            <\/a>\n                                            <\/div>\n                    <\/div>\n<\/div>\n    <div class=\"gc-hero__parallax\">\n                    <img fetchpriority=\"high\" width=\"2048\" height=\"1138\" src=\"https:\/\/myflowin.com\/wp-content\/uploads\/Pricing-BG-2048x1138.jpg\" class=\"gc-hero__image\" alt=\"\" loading=\"eager\" decoding=\"sync\" srcset=\"https:\/\/myflowin.com\/wp-content\/uploads\/Pricing-BG-2048x1138.jpg 2048w, https:\/\/myflowin.com\/wp-content\/uploads\/Pricing-BG-300x167.jpg 300w, https:\/\/myflowin.com\/wp-content\/uploads\/Pricing-BG-1024x569.jpg 1024w, https:\/\/myflowin.com\/wp-content\/uploads\/Pricing-BG-768x427.jpg 768w, https:\/\/myflowin.com\/wp-content\/uploads\/Pricing-BG-1536x853.jpg 1536w\" sizes=\"(max-width: 2048px) 100vw, 2048px\" \/>            <\/div>\n<\/section>\n\n\n<!--\n    Title: Plans\n-->\n\n<section id=\"calc\" class=\"gc-plans\">\n    <!--\n    Title: Container\n    Mode: preview\n    SupportsJSX: true\n    Blueprint: false\n-->\n\n\n<div class=\"gc-container gc-container--has-margin gc-plans__container\">\n    <div class=\"gc-plans__intro\">\n                                    <h2 class=\"gc-plans__title\">Sachez exactement ce que vous paierez avant de vous engager<\/h2>\n                                                    <div class=\"gc-plans__description fs-small\"><p>Obtenez une estimation personnalis\u00e9e en moins d&#8217;une minute, que votre \u00e9quipe peut utiliser en toute confiance pour budg\u00e9ter ou planifier.<\/p>\n<\/div>\n                            <\/div>\n<\/div>\n<\/section>\n\n\n\n<h2 class=\"wp-block-heading\" id=\"calc\"><\/h2>\n\n\n\n<div id=\"flowin-calculator\" style=\"padding-bottom: 60px; padding-top: 60px;\"><\/div>\n<script>\n(function() {\n  var p = window.location.pathname;\n  var lang = p.startsWith('\/nl') ? 'nl' : p.startsWith('\/fr') ? 'fr' : p.startsWith('\/de') ? 'de' : 'en';\n  var params = new URLSearchParams(window.location.search);\n  var src = 'https:\/\/flowin-cost-buddy.lovable.app\/embed?lang=' + lang;\n  ['utm_source','utm_medium','utm_campaign','utm_content','utm_term'].forEach(function(k) {\n    var v = params.get(k);\n    if (v) src += '&' + k + '=' + encodeURIComponent(v);\n  });\n  var iframe = document.createElement('iframe');\n  iframe.src = src;\n  iframe.style.cssText = 'width:100%;border:none;min-height:700px;';\n  iframe.id = 'flowin-calc-iframe';\n  document.getElementById('flowin-calculator').appendChild(iframe);\n  window.addEventListener('message', function(e) {\n    if (e.data && e.data.type === 'flowin-calculator-resize') {\n      iframe.style.height = e.data.height + 'px';\n    }\n  });\n})();\n<\/script>\n\n\n<!--\n    Title: Icons\n-->\n\n<section class=\"gc-icons\">\n    <!--\n    Title: Container\n    Mode: preview\n    SupportsJSX: true\n    Blueprint: false\n-->\n\n\n<div class=\"gc-container gc-container--small gc-container--has-margin gc-icons__container\">\n    <div class=\"gc-icons__content gc-icons__content--center\">\n            <h2 >\n\t\tCe qui est inclus\n\t<\/h2>                                <\/div>\n                    <div class=\"gc-icons__icons gc-icons__icons--3\">\n                                    <div class=\"gc-icons__item fs-small gc-icons__item--left\">\n                        <div class=\"gc-icons__item-inner\">\n                            <img decoding=\"async\" width=\"40\" height=\"40\" src=\"https:\/\/myflowin.com\/wp-content\/uploads\/upload.svg\" class=\"gc-icons__icon\" alt=\"\" \/>                            <div class=\"gc-icons__item-title\">Envoi de factures via Peppol<\/div>\n                                                                                <\/div>\n                    <\/div>\n                                    <div class=\"gc-icons__item fs-small gc-icons__item--left\">\n                        <div class=\"gc-icons__item-inner\">\n                            <img decoding=\"async\" width=\"40\" height=\"40\" src=\"https:\/\/myflowin.com\/wp-content\/uploads\/download.svg\" class=\"gc-icons__icon\" alt=\"\" \/>                            <div class=\"gc-icons__item-title\">R\u00e9ception de factures via Peppol<\/div>\n                                                                                <\/div>\n                    <\/div>\n                                    <div class=\"gc-icons__item fs-small gc-icons__item--left\">\n                        <div class=\"gc-icons__item-inner\">\n                            <img decoding=\"async\" width=\"40\" height=\"40\" src=\"https:\/\/myflowin.com\/wp-content\/uploads\/switch.svg\" class=\"gc-icons__icon\" alt=\"\" \/>                            <div class=\"gc-icons__item-title\">Retours techniques et commerciaux sur les factures<\/div>\n                                                                                <\/div>\n                    <\/div>\n                                    <div class=\"gc-icons__item fs-small gc-icons__item--left\">\n                        <div class=\"gc-icons__item-inner\">\n                            <img decoding=\"async\" width=\"40\" height=\"40\" src=\"https:\/\/myflowin.com\/wp-content\/uploads\/passport.svg\" class=\"gc-icons__icon\" alt=\"\" \/>                            <div class=\"gc-icons__item-title\">V\u00e9rification lors de l&#039;int\u00e9gration des clients (KYC)<\/div>\n                                                                                <\/div>\n                    <\/div>\n                                    <div class=\"gc-icons__item fs-small gc-icons__item--left\">\n                        <div class=\"gc-icons__item-inner\">\n                            <img decoding=\"async\" width=\"40\" height=\"40\" src=\"https:\/\/myflowin.com\/wp-content\/uploads\/billing.svg\" class=\"gc-icons__icon\" alt=\"\" \/>                            <div class=\"gc-icons__item-title\">Auto-facturation<\/div>\n                                                                                <\/div>\n                    <\/div>\n                                    <div class=\"gc-icons__item fs-small gc-icons__item--left\">\n                        <div class=\"gc-icons__item-inner\">\n                            <img decoding=\"async\" width=\"40\" height=\"40\" src=\"https:\/\/myflowin.com\/wp-content\/uploads\/registration.svg\" class=\"gc-icons__icon\" alt=\"\" \/>                            <div class=\"gc-icons__item-title\">Enregistrement GLN<\/div>\n                                                                                <\/div>\n                    <\/div>\n                                    <div class=\"gc-icons__item fs-small gc-icons__item--left\">\n                        <div class=\"gc-icons__item-inner\">\n                            <img decoding=\"async\" width=\"40\" height=\"40\" src=\"https:\/\/myflowin.com\/wp-content\/uploads\/local.svg\" class=\"gc-icons__icon\" alt=\"\" \/>                            <div class=\"gc-icons__item-title\">Formats locaux et europ\u00e9ens : Peppol BIS 3, X.Rechnung, SI-UBL, et autres <\/div>\n                                                                                <\/div>\n                    <\/div>\n                                    <div class=\"gc-icons__item fs-small gc-icons__item--left\">\n                        <div class=\"gc-icons__item-inner\">\n                            <img decoding=\"async\" width=\"40\" height=\"40\" src=\"https:\/\/myflowin.com\/wp-content\/uploads\/compliance.svg\" class=\"gc-icons__icon\" alt=\"\" \/>                            <div class=\"gc-icons__item-title\">Conformit\u00e9 avec les mises \u00e0 jour et exigences Peppol<\/div>\n                                                                                <\/div>\n                    <\/div>\n                                    <div class=\"gc-icons__item fs-small gc-icons__item--left\">\n                        <div class=\"gc-icons__item-inner\">\n                            <img decoding=\"async\" width=\"40\" height=\"40\" src=\"https:\/\/myflowin.com\/wp-content\/uploads\/peppol-1-1.svg\" class=\"gc-icons__icon\" alt=\"\" \/>                            <div class=\"gc-icons__item-title\">Access Point Peppol certifi\u00e9 <\/div>\n                                                                                <\/div>\n                    <\/div>\n                            <\/div>\n<\/div>\n<\/section>\n\n\n<!--\n    Title: FAQ\n-->\n\n<section class=\"gc-faq\" itemscope=\"itemscope\" itemtype=\"https:\/\/schema.org\/FAQPage\">\n    <!--\n    Title: Container\n    Mode: preview\n    SupportsJSX: true\n    Blueprint: false\n-->\n\n\n<div class=\"gc-container gc-container--has-margin\">\n    <h2 class=\"gc-faq__title\">Questions fr\u00e9quentes<\/h2>\n        <ul class=\"gc-faq__list\">\n                            <li class=\"gc-faq__question-item\" x-data=\"faq(false)\" itemscope itemprop=\"mainEntity\" itemtype=\"https:\/\/schema.org\/Question\"\n                    @click=\"toggle\">\n                    <div class=\"gc-faq__question\">\n                        <h3 class=\"gc-faq__question-title h5\" itemprop=\"name\">Quelle est la fiabilit\u00e9 de cette estimation ?<\/h3>\n\n                        <span class=\"gc-faq__question-icon\">\n                            <svg class='gc-faq__question-icon-svg' x-show='!expanded' width=\"14\" height=\"14\" viewBox=\"0 0 14 14\" fill=\"none\" xmlns=\"http:\/\/www.w3.org\/2000\/svg\">\n<path d=\"M6.58333 1.25V11.9167M11.9167 6.58333H1.25\" stroke=\"#3433E2\" stroke-width=\"2.5\" stroke-linecap=\"round\" stroke-linejoin=\"round\"\/>\n<\/svg>\n                            <svg class='gc-faq__question-icon-svg' x-show='expanded' width=\"14\" height=\"3\" viewBox=\"0 0 14 3\" fill=\"none\" xmlns=\"http:\/\/www.w3.org\/2000\/svg\">\n<path d=\"M11.9167 1.25H1.25\" stroke=\"#3433E2\" stroke-width=\"2.5\" stroke-linecap=\"round\" stroke-linejoin=\"round\"\/>\n<\/svg>\n                        <\/span>\n                    <\/div>\n\n                    <div class=\"gc-faq__answer\" x-show=\"expanded\" x-cloak x-collapse itemscope itemprop=\"acceptedAnswer\"\n                        itemtype=\"https:\/\/schema.org\/Answer\">\n                        <div class=\"gc-faq__answer-text fs-small\" itemprop=\"text\">\n                            <p>Ce simulateur utilise la m\u00eame logique tarifaire que notre \u00e9quipe commerciale. L&#8217;estimation refl\u00e8te les tarifs r\u00e9els appliqu\u00e9s dans les contrats en fonction de vos volumes \u2014 sans mauvaise surprise au moment de signer.<\/p>\n\n                        <\/div>\n                    <\/div>\n                <\/li>\n                            <li class=\"gc-faq__question-item\" x-data=\"faq(false)\" itemscope itemprop=\"mainEntity\" itemtype=\"https:\/\/schema.org\/Question\"\n                    @click=\"toggle\">\n                    <div class=\"gc-faq__question\">\n                        <h3 class=\"gc-faq__question-title h5\" itemprop=\"name\">Que se passe-t-il si mes volumes varient d&#8217;un mois \u00e0 l&#8217;autre ?<\/h3>\n\n                        <span class=\"gc-faq__question-icon\">\n                            <svg class='gc-faq__question-icon-svg' x-show='!expanded' width=\"14\" height=\"14\" viewBox=\"0 0 14 14\" fill=\"none\" xmlns=\"http:\/\/www.w3.org\/2000\/svg\">\n<path d=\"M6.58333 1.25V11.9167M11.9167 6.58333H1.25\" stroke=\"#3433E2\" stroke-width=\"2.5\" stroke-linecap=\"round\" stroke-linejoin=\"round\"\/>\n<\/svg>\n                            <svg class='gc-faq__question-icon-svg' x-show='expanded' width=\"14\" height=\"3\" viewBox=\"0 0 14 3\" fill=\"none\" xmlns=\"http:\/\/www.w3.org\/2000\/svg\">\n<path d=\"M11.9167 1.25H1.25\" stroke=\"#3433E2\" stroke-width=\"2.5\" stroke-linecap=\"round\" stroke-linejoin=\"round\"\/>\n<\/svg>\n                        <\/span>\n                    <\/div>\n\n                    <div class=\"gc-faq__answer\" x-show=\"expanded\" x-cloak x-collapse itemscope itemprop=\"acceptedAnswer\"\n                        itemtype=\"https:\/\/schema.org\/Answer\">\n                        <div class=\"gc-faq__answer-text fs-small\" itemprop=\"text\">\n                            <p>Votre palier est calcul\u00e9 chaque mois. Si vos volumes baissent, vous payez moins (sous r\u00e9serve du montant minimum apr\u00e8s 6 mois). S&#8217;ils augmentent, vous b\u00e9n\u00e9ficiez automatiquement de meilleurs tarifs.<\/p>\n\n                        <\/div>\n                    <\/div>\n                <\/li>\n                            <li class=\"gc-faq__question-item\" x-data=\"faq(false)\" itemscope itemprop=\"mainEntity\" itemtype=\"https:\/\/schema.org\/Question\"\n                    @click=\"toggle\">\n                    <div class=\"gc-faq__question\">\n                        <h3 class=\"gc-faq__question-title h5\" itemprop=\"name\">Y a-t-il des frais cach\u00e9s ou des frais de mise en service ?<\/h3>\n\n                        <span class=\"gc-faq__question-icon\">\n                            <svg class='gc-faq__question-icon-svg' x-show='!expanded' width=\"14\" height=\"14\" viewBox=\"0 0 14 14\" fill=\"none\" xmlns=\"http:\/\/www.w3.org\/2000\/svg\">\n<path d=\"M6.58333 1.25V11.9167M11.9167 6.58333H1.25\" stroke=\"#3433E2\" stroke-width=\"2.5\" stroke-linecap=\"round\" stroke-linejoin=\"round\"\/>\n<\/svg>\n                            <svg class='gc-faq__question-icon-svg' x-show='expanded' width=\"14\" height=\"3\" viewBox=\"0 0 14 3\" fill=\"none\" xmlns=\"http:\/\/www.w3.org\/2000\/svg\">\n<path d=\"M11.9167 1.25H1.25\" stroke=\"#3433E2\" stroke-width=\"2.5\" stroke-linecap=\"round\" stroke-linejoin=\"round\"\/>\n<\/svg>\n                        <\/span>\n                    <\/div>\n\n                    <div class=\"gc-faq__answer\" x-show=\"expanded\" x-cloak x-collapse itemscope itemprop=\"acceptedAnswer\"\n                        itemtype=\"https:\/\/schema.org\/Answer\">\n                        <div class=\"gc-faq__answer-text fs-small\" itemprop=\"text\">\n                            <p>Aucun frais d&#8217;installation, aucun co\u00fbt d&#8217;int\u00e9gration, aucun frais par utilisateur pour les formules PME. Les formules enterprise peuvent inclure un support d\u00e9di\u00e9, selon ce qui a \u00e9t\u00e9 convenu. Tous les frais sont affich\u00e9s d&#8217;embl\u00e9e.<\/p>\n\n                        <\/div>\n                    <\/div>\n                <\/li>\n                            <li class=\"gc-faq__question-item\" x-data=\"faq(false)\" itemscope itemprop=\"mainEntity\" itemtype=\"https:\/\/schema.org\/Question\"\n                    @click=\"toggle\">\n                    <div class=\"gc-faq__question\">\n                        <h3 class=\"gc-faq__question-title h5\" itemprop=\"name\">Quel est l&#8217;engagement minimum ?<\/h3>\n\n                        <span class=\"gc-faq__question-icon\">\n                            <svg class='gc-faq__question-icon-svg' x-show='!expanded' width=\"14\" height=\"14\" viewBox=\"0 0 14 14\" fill=\"none\" xmlns=\"http:\/\/www.w3.org\/2000\/svg\">\n<path d=\"M6.58333 1.25V11.9167M11.9167 6.58333H1.25\" stroke=\"#3433E2\" stroke-width=\"2.5\" stroke-linecap=\"round\" stroke-linejoin=\"round\"\/>\n<\/svg>\n                            <svg class='gc-faq__question-icon-svg' x-show='expanded' width=\"14\" height=\"3\" viewBox=\"0 0 14 3\" fill=\"none\" xmlns=\"http:\/\/www.w3.org\/2000\/svg\">\n<path d=\"M11.9167 1.25H1.25\" stroke=\"#3433E2\" stroke-width=\"2.5\" stroke-linecap=\"round\" stroke-linejoin=\"round\"\/>\n<\/svg>\n                        <\/span>\n                    <\/div>\n\n                    <div class=\"gc-faq__answer\" x-show=\"expanded\" x-cloak x-collapse itemscope itemprop=\"acceptedAnswer\"\n                        itemtype=\"https:\/\/schema.org\/Answer\">\n                        <div class=\"gc-faq__answer-text fs-small\" itemprop=\"text\">\n                            <p>Durant les 6 premiers mois, vous ne payez que ce que vous consommez. Ensuite, un minimum par palier s&#8217;applique afin de garantir une qualit\u00e9 de support durable.<\/p>\n\n                        <\/div>\n                    <\/div>\n                <\/li>\n                            <li class=\"gc-faq__question-item\" x-data=\"faq(false)\" itemscope itemprop=\"mainEntity\" itemtype=\"https:\/\/schema.org\/Question\"\n                    @click=\"toggle\">\n                    <div class=\"gc-faq__question\">\n                        <h3 class=\"gc-faq__question-title h5\" itemprop=\"name\">Puis-je obtenir un devis formel pour le service des achats ?<\/h3>\n\n                        <span class=\"gc-faq__question-icon\">\n                            <svg class='gc-faq__question-icon-svg' x-show='!expanded' width=\"14\" height=\"14\" viewBox=\"0 0 14 14\" fill=\"none\" xmlns=\"http:\/\/www.w3.org\/2000\/svg\">\n<path d=\"M6.58333 1.25V11.9167M11.9167 6.58333H1.25\" stroke=\"#3433E2\" stroke-width=\"2.5\" stroke-linecap=\"round\" stroke-linejoin=\"round\"\/>\n<\/svg>\n                            <svg class='gc-faq__question-icon-svg' x-show='expanded' width=\"14\" height=\"3\" viewBox=\"0 0 14 3\" fill=\"none\" xmlns=\"http:\/\/www.w3.org\/2000\/svg\">\n<path d=\"M11.9167 1.25H1.25\" stroke=\"#3433E2\" stroke-width=\"2.5\" stroke-linecap=\"round\" stroke-linejoin=\"round\"\/>\n<\/svg>\n                        <\/span>\n                    <\/div>\n\n                    <div class=\"gc-faq__answer\" x-show=\"expanded\" x-cloak x-collapse itemscope itemprop=\"acceptedAnswer\"\n                        itemtype=\"https:\/\/schema.org\/Answer\">\n                        <div class=\"gc-faq__answer-text fs-small\" itemprop=\"text\">\n                            <p>Oui ! Une fois la simulation compl\u00e9t\u00e9e, vous pouvez t\u00e9l\u00e9charger un r\u00e9capitulatif en PDF. Si votre service des achats a besoin d&#8217;un devis formel, contactez-nous \u00e0 l&#8217;adresse <a href=\"mailto:info@myflowin.com\">info@myflowin.com<\/a> et nous vous fournirons les documents n\u00e9cessaires.<\/p>\n\n                        <\/div>\n                    <\/div>\n                <\/li>\n                    <\/ul>\n<\/div>\n<\/section>\n\n\n<!--\n Title: Call To Form\n-->\n\n<section class=\"gc-ctf\">\n    <!--\n    Title: Container\n    Mode: preview\n    SupportsJSX: true\n    Blueprint: false\n-->\n\n\n<div class=\"gc-container gc-container--has-margin\">\n    <div class=\"gc-ctf__inner\">\n                            <div class=\"gc-ctf__title h2\">\n                    Pr\u00eat \u00e0 proposer la facturation \u00e9lectronique simplement ?\n                <\/div>\n                                        <div class=\"gc-ctf__description fs-small\">\n                    <p>Flowin rend la connectivit\u00e9 e-invoicing scalable et fiable.<br \/>\nUtilis\u00e9 par +300 \u00e9diteurs de logiciels et +300.000 entreprises.<\/p>\n\n                <\/div>\n                        <a\n        href=\"https:\/\/myflowin.com\/fr\/contact\/\" class=\"gc-button gc-button--border gc-ctf__button\">\n                    Discutez-en avec notre \u00e9quipe\n        \n                    <svg class='gc-button__icon' xmlns=\"http:\/\/www.w3.org\/2000\/svg\" viewBox=\"0 0 512 512\"><!--! Font Awesome Pro 7.0.0 by @fontawesome - https:\/\/fontawesome.com License - https:\/\/fontawesome.com\/license (Commercial License) Copyright 2025 Fonticons, Inc. --><path fill=\"currentColor\" d=\"M507.3 267.3c6.2-6.2 6.2-16.4 0-22.6l-176-176c-6.2-6.2-16.4-6.2-22.6 0s-6.2 16.4 0 22.6L457.4 240 16 240c-8.8 0-16 7.2-16 16s7.2 16 16 16l441.4 0-148.7 148.7c-6.2 6.2-6.2 16.4 0 22.6s16.4 6.2 22.6 0l176-176z\"\/><\/svg>\n            <\/a>\n                <\/div>\n<\/div>\n<\/section>\n","protected":false},"excerpt":{"rendered":"","protected":false},"author":1,"featured_media":0,"parent":0,"menu_order":0,"comment_status":"closed","ping_status":"closed","template":"","meta":{"_acf_changed":false,"footnotes":""},"class_list":["post-3971","page","type-page","status-publish","hentry"],"acf":[],"_links":{"self":[{"href":"https:\/\/myflowin.com\/fr\/wp-json\/wp\/v2\/pages\/3971","targetHints":{"allow":["GET"]}}],"collection":[{"href":"https:\/\/myflowin.com\/fr\/wp-json\/wp\/v2\/pages"}],"about":[{"href":"https:\/\/myflowin.com\/fr\/wp-json\/wp\/v2\/types\/page"}],"author":[{"embeddable":true,"href":"https:\/\/myflowin.com\/fr\/wp-json\/wp\/v2\/users\/1"}],"replies":[{"embeddable":true,"href":"https:\/\/myflowin.com\/fr\/wp-json\/wp\/v2\/comments?post=3971"}],"version-history":[{"count":15,"href":"https:\/\/myflowin.com\/fr\/wp-json\/wp\/v2\/pages\/3971\/revisions"}],"predecessor-version":[{"id":4450,"href":"https:\/\/myflowin.com\/fr\/wp-json\/wp\/v2\/pages\/3971\/revisions\/4450"}],"wp:attachment":[{"href":"https:\/\/myflowin.com\/fr\/wp-json\/wp\/v2\/media?parent=3971"}],"curies":[{"name":"wp","href":"https:\/\/api.w.org\/{rel}","templated":true}]}}