{"id":3918,"date":"2026-04-01T10:05:45","date_gmt":"2026-04-01T08:05:45","guid":{"rendered":"https:\/\/myflowin.com\/logiciels-et-integrateurs\/"},"modified":"2026-04-21T12:37:11","modified_gmt":"2026-04-21T10:37:11","slug":"logiciels-et-integrateurs","status":"publish","type":"page","link":"https:\/\/myflowin.com\/fr\/logiciels-et-integrateurs\/","title":{"rendered":"Logiciels et int\u00e9grateurs"},"content":{"rendered":"<!--\n    Title: Hero\n-->\n\n\n<section class=\"gc-hero\">\n    <!--\n    Title: Container\n    Mode: preview\n    SupportsJSX: true\n    Blueprint: false\n-->\n\n\n<div class=\"gc-container gc-container--small gc-hero__container\">\n    <div class=\"gc-hero__wrapper\">\n                            <div class=\"gc-breadcrumbs gc-hero__breadcrumbs\">\n    <\/div>\n                        <h1 class=\"gc-hero__title\">\n                <p>Ajoutez Peppol \u00e0 votre logiciel ou ERP, sans la complexit\u00e9<\/p>\n\n            <\/h1>\n\n            <div class=\"gc-hero__content\">\n                <p>Avec Flowin, vous disposez d\u2019une API pour proposer Peppol rapidement, de mani\u00e8re s\u00e9curis\u00e9e et \u00e9volutive \u00e0 vos clients. On g\u00e8re la connexion, les mises \u00e0 jour et la conformit\u00e9. Et vous, vous vous concentrez sur votre produit.<\/p>\n\n            <\/div>\n\n                            <div class=\"gc-hero__buttons\">\n                                            <a\n        href=\"https:\/\/myflowin.com\/fr\/contact\/\" class=\"gc-button gc-button--blue gc-hero__button\">\n                    Discutez-en avec notre \u00e9quipe\n        \n                    <svg class='gc-button__icon' xmlns=\"http:\/\/www.w3.org\/2000\/svg\" viewBox=\"0 0 512 512\"><!--! Font Awesome Pro 7.0.0 by @fontawesome - https:\/\/fontawesome.com License - https:\/\/fontawesome.com\/license (Commercial License) Copyright 2025 Fonticons, Inc. --><path fill=\"currentColor\" d=\"M507.3 267.3c6.2-6.2 6.2-16.4 0-22.6l-176-176c-6.2-6.2-16.4-6.2-22.6 0s-6.2 16.4 0 22.6L457.4 240 16 240c-8.8 0-16 7.2-16 16s7.2 16 16 16l441.4 0-148.7 148.7c-6.2 6.2-6.2 16.4 0 22.6s16.4 6.2 22.6 0l176-176z\"\/><\/svg>\n            <\/a>\n                                            <\/div>\n                    <\/div>\n<\/div>\n    <div class=\"gc-hero__parallax\">\n                    <img fetchpriority=\"high\" width=\"2048\" height=\"1138\" src=\"https:\/\/myflowin.com\/wp-content\/uploads\/Software-BG-2048x1138.png\" class=\"gc-hero__image\" alt=\"\" loading=\"eager\" decoding=\"sync\" srcset=\"https:\/\/myflowin.com\/wp-content\/uploads\/Software-BG-2048x1138.png 2048w, https:\/\/myflowin.com\/wp-content\/uploads\/Software-BG-300x167.png 300w, https:\/\/myflowin.com\/wp-content\/uploads\/Software-BG-1024x569.png 1024w, https:\/\/myflowin.com\/wp-content\/uploads\/Software-BG-768x427.png 768w, https:\/\/myflowin.com\/wp-content\/uploads\/Software-BG-1536x853.png 1536w\" sizes=\"(max-width: 2048px) 100vw, 2048px\" \/>            <\/div>\n<\/section>\n\n\n<!--\n    Title: Icons\n-->\n\n<section class=\"gc-icons gc-icons--with-borders\">\n    <!--\n    Title: Container\n    Mode: preview\n    SupportsJSX: true\n    Blueprint: false\n-->\n\n\n<div class=\"gc-container gc-container--has-margin gc-icons__container\">\n    <div class=\"gc-icons__content gc-icons__content--center\">\n            <h2 >\n\t\tNotre API s&#039;int\u00e8gre parfaitement \u00e0 votre logiciel\n\t<\/h2>                                <\/div>\n                    <div class=\"gc-icons__icons gc-icons__icons--3 gc-icons__icons--with-border\">\n                                    <div class=\"gc-icons__item fs-small gc-icons__item--left\">\n                        <div class=\"gc-icons__item-inner\">\n                            <img decoding=\"async\" width=\"40\" height=\"40\" src=\"https:\/\/myflowin.com\/wp-content\/uploads\/invoicing.svg\" class=\"gc-icons__icon\" alt=\"\" \/>                            <div class=\"gc-icons__item-title\">Logiciels de facturation et de comptabilit\u00e9<\/div>\n                                                            <div><p>Pour les outils qui souhaitent envoyer, recevoir et traiter des e-factures : logiciels comptables, solutions de pr\u00e9-comptabilit\u00e9 et plateformes d&#8217;e-invoicing<\/p>\n<\/div>\n                                                                                <\/div>\n                    <\/div>\n                                    <div class=\"gc-icons__item fs-small gc-icons__item--left\">\n                        <div class=\"gc-icons__item-inner\">\n                            <img decoding=\"async\" width=\"40\" height=\"40\" src=\"https:\/\/myflowin.com\/wp-content\/uploads\/erp.svg\" class=\"gc-icons__icon\" alt=\"\" \/>                            <div class=\"gc-icons__item-title\">ERP et logiciels de gestion<\/div>\n                                                            <div><p>Pour les syst\u00e8mes qui g\u00e8rent les processus financiers et op\u00e9rationnels : ERP, CRM et logiciels m\u00e9tier<\/p>\n<\/div>\n                                                                                <\/div>\n                    <\/div>\n                                    <div class=\"gc-icons__item fs-small gc-icons__item--left\">\n                        <div class=\"gc-icons__item-inner\">\n                            <img decoding=\"async\" width=\"40\" height=\"40\" src=\"https:\/\/myflowin.com\/wp-content\/uploads\/finance.svg\" class=\"gc-icons__icon\" alt=\"\" \/>                            <div class=\"gc-icons__item-title\">Plateformes et solutions verticales<\/div>\n                                                            <div><p>Pour les logiciels qui digitalisent les processus dans des secteurs sp\u00e9cifiques : plateformes SaaS, solutions e-commerce et syst\u00e8mes WMS<\/p>\n<\/div>\n                                                                                <\/div>\n                    <\/div>\n                            <\/div>\n<\/div>\n<\/section>\n\n\n<!--\n    Title: Icons\n-->\n\n<section class=\"gc-icons\">\n    <!--\n    Title: Container\n    Mode: preview\n    SupportsJSX: true\n    Blueprint: false\n-->\n\n\n<div class=\"gc-container gc-container--small gc-container--has-margin gc-icons__container\">\n    <div class=\"gc-icons__content gc-icons__content--center\">\n            <h2 >\n\t\tTout ce dont vous avez besoin pour int\u00e9grer Peppol\n\t<\/h2>                                <\/div>\n                    <div class=\"gc-icons__icons gc-icons__icons--3\">\n                                    <div class=\"gc-icons__item fs-small gc-icons__item--left\">\n                        <div class=\"gc-icons__item-inner\">\n                            <img decoding=\"async\" width=\"40\" height=\"40\" src=\"https:\/\/myflowin.com\/wp-content\/uploads\/upload.svg\" class=\"gc-icons__icon\" alt=\"\" \/>                            <div class=\"gc-icons__item-title\">Envoi de factures Peppol<\/div>\n                                                            <div><p>Envoyez des e-factures directement via Peppol, en toute conformit\u00e9<\/p>\n<\/div>\n                                                                                <\/div>\n                    <\/div>\n                                    <div class=\"gc-icons__item fs-small gc-icons__item--left\">\n                        <div class=\"gc-icons__item-inner\">\n                            <img decoding=\"async\" width=\"40\" height=\"40\" src=\"https:\/\/myflowin.com\/wp-content\/uploads\/download.svg\" class=\"gc-icons__icon\" alt=\"\" \/>                            <div class=\"gc-icons__item-title\">R\u00e9ception de factures Peppol<\/div>\n                                                            <div><p>Recevez et traitez automatiquement les factures entrantes dans votre logiciel<\/p>\n<\/div>\n                                                                                <\/div>\n                    <\/div>\n                                    <div class=\"gc-icons__item fs-small gc-icons__item--left\">\n                        <div class=\"gc-icons__item-inner\">\n                            <img decoding=\"async\" width=\"40\" height=\"40\" src=\"https:\/\/myflowin.com\/wp-content\/uploads\/switch.svg\" class=\"gc-icons__icon\" alt=\"\" \/>                            <div class=\"gc-icons__item-title\">Suivi des factures<\/div>\n                                                            <div><p>Obtenez des mises \u00e0 jour de statut en temps r\u00e9el et des notifications d&#8217;erreur par facture<\/p>\n<\/div>\n                                                                                <\/div>\n                    <\/div>\n                                    <div class=\"gc-icons__item fs-small gc-icons__item--left\">\n                        <div class=\"gc-icons__item-inner\">\n                            <img decoding=\"async\" width=\"40\" height=\"40\" src=\"https:\/\/myflowin.com\/wp-content\/uploads\/passport.svg\" class=\"gc-icons__icon\" alt=\"\" \/>                            <div class=\"gc-icons__item-title\">Onboarding &amp; v\u00e9rification (KYC)<\/div>\n                                                            <div><p>Enregistrez et v\u00e9rifiez les entreprises sur le r\u00e9seau Peppol<\/p>\n<\/div>\n                                                                                <\/div>\n                    <\/div>\n                                    <div class=\"gc-icons__item fs-small gc-icons__item--left\">\n                        <div class=\"gc-icons__item-inner\">\n                            <img decoding=\"async\" width=\"40\" height=\"40\" src=\"https:\/\/myflowin.com\/wp-content\/uploads\/billing.svg\" class=\"gc-icons__icon\" alt=\"\" \/>                            <div class=\"gc-icons__item-title\">Auto-facturation<\/div>\n                                                            <div><p>G\u00e9rez les flux de self-billing au sein de votre plateforme<\/p>\n<\/div>\n                                                                                <\/div>\n                    <\/div>\n                                    <div class=\"gc-icons__item fs-small gc-icons__item--left\">\n                        <div class=\"gc-icons__item-inner\">\n                            <img decoding=\"async\" width=\"40\" height=\"40\" src=\"https:\/\/myflowin.com\/wp-content\/uploads\/registration.svg\" class=\"gc-icons__icon\" alt=\"\" \/>                            <div class=\"gc-icons__item-title\">Enregistrement GLN<\/div>\n                                                            <div><p>G\u00e9rez les identit\u00e9s Peppol et les enregistrements GLN via une seule API<\/p>\n<\/div>\n                                                                                <\/div>\n                    <\/div>\n                                    <div class=\"gc-icons__item fs-small gc-icons__item--left\">\n                        <div class=\"gc-icons__item-inner\">\n                            <img decoding=\"async\" width=\"40\" height=\"40\" src=\"https:\/\/myflowin.com\/wp-content\/uploads\/local.svg\" class=\"gc-icons__icon\" alt=\"\" \/>                            <div class=\"gc-icons__item-title\">Formats locaux et europ\u00e9ens<\/div>\n                                                            <div><p>Prise en charge de Peppol BIS 3, XRechnung, SI-UBL et autres standards ; une seule int\u00e9gration, sans logique sp\u00e9cifique par pays<\/p>\n<\/div>\n                                                                                <\/div>\n                    <\/div>\n                                    <div class=\"gc-icons__item fs-small gc-icons__item--left\">\n                        <div class=\"gc-icons__item-inner\">\n                            <img decoding=\"async\" width=\"40\" height=\"40\" src=\"https:\/\/myflowin.com\/wp-content\/uploads\/compliance.svg\" class=\"gc-icons__icon\" alt=\"\" \/>                            <div class=\"gc-icons__item-title\">Toujours \u00e0 jour avec la r\u00e9glementation<\/div>\n                                                            <div><p>Conforme automatiquement aux mises \u00e0 jour Peppol et aux exigences locales : aucune maintenance ni modification dans votre propre code<\/p>\n<\/div>\n                                                                                <\/div>\n                    <\/div>\n                                    <div class=\"gc-icons__item fs-small gc-icons__item--left\">\n                        <div class=\"gc-icons__item-inner\">\n                            <img decoding=\"async\" width=\"40\" height=\"40\" src=\"https:\/\/myflowin.com\/wp-content\/uploads\/peppol-1-1.svg\" class=\"gc-icons__icon\" alt=\"\" \/>                            <div class=\"gc-icons__item-title\">Access Point Peppol certifi\u00e9<\/div>\n                                                            <div><p>Connect\u00e9 directement au r\u00e9seau Peppol, sans g\u00e9rer vous-m\u00eame la certification ni l&#8217;infrastructure<\/p>\n<\/div>\n                                                                                <\/div>\n                    <\/div>\n                            <\/div>\n<\/div>\n<\/section>\n\n\n<!--\n    Title: USP\n-->\n\n<section class=\"gc-usp\">\n    <!--\n    Title: Container\n    Mode: preview\n    SupportsJSX: true\n    Blueprint: false\n-->\n\n\n<div class=\"gc-container gc-container--has-margin gc-usp__container\">\n    <div class=\"gc-usp__intro\">\n                                    <h2>Flowin vous offre une API fiable, stable et pr\u00eate \u00e0 l&#039;emploi pour soutenir votre croissance<\/h2>\n                                            <\/div>\n                            <ul class=\"gc-usp__items\">\n                                    <li class=\"gc-usp__item\">\n                                                    <h3 class=\"gc-usp__item-title h5\">Depuis 2017<\/h3>\n                                                                            <div class=\"fs-small\"><p>Notre \u00e9quipe est impliqu\u00e9e depuis 2017 et a particip\u00e9 aux groupes de travail qui ont fa\u00e7onn\u00e9 la l\u00e9gislation.<\/p>\n<\/div>\n                                            <\/li>\n                                    <li class=\"gc-usp__item\">\n                                                    <h3 class=\"gc-usp__item-title h5\">300 logiciels<\/h3>\n                                                                            <div class=\"fs-small\"><p>\u00e0 travers l&#8217;Europe s&#8217;appuient sur notre connectivit\u00e9 Peppol<\/p>\n<\/div>\n                                            <\/li>\n                                    <li class=\"gc-usp__item\">\n                                                    <h3 class=\"gc-usp__item-title h5\">400,000<\/h3>\n                                                                            <div class=\"fs-small\"><p>Entreprises actives dans notre r\u00e9seau<\/p>\n<\/div>\n                                            <\/li>\n                                    <li class=\"gc-usp__item\">\n                                                    <h3 class=\"gc-usp__item-title h5\">10 millions<\/h3>\n                                                                            <div class=\"fs-small\"><p>de documents trait\u00e9s via notre Access Point Peppol certifi\u00e9.<\/p>\n<\/div>\n                                            <\/li>\n                            <\/ul>\n<\/div>\n<\/section>\n\n\n<!--\n Title: Quotes\n-->\n\n<section class=\"gc-quotes\">\n    <!--\n    Title: Container\n    Mode: preview\n    SupportsJSX: true\n    Blueprint: false\n-->\n\n\n<div class=\"gc-container gc-container--has-margin\">\n    <ul class=\"gc-quotes__list\">\n                            <li class=\"gc-quotes__item fs-small\">\n                    <div>\n                        <svg class='gc-quotes__icon' width=\"64\" height=\"64\" viewBox=\"0 0 64 64\" fill=\"none\" xmlns=\"http:\/\/www.w3.org\/2000\/svg\">\n<path d=\"M37.3335 42.6667C37.3335 37.6384 37.3335 35.1243 38.8956 33.5621C40.4578 32 42.9719 32 48.0002 32C53.0284 32 55.5426 32 57.1047 33.5621C58.6668 35.1243 58.6668 37.6384 58.6668 42.6667C58.6668 47.6949 58.6668 50.2091 57.1047 51.7712C55.5426 53.3333 53.0284 53.3333 48.0002 53.3333C42.9719 53.3333 40.4578 53.3333 38.8956 51.7712C37.3335 50.2091 37.3335 47.6949 37.3335 42.6667Z\" fill=\"#BFBFBF\" stroke=\"#BFBFBF\" stroke-width=\"6\"\/>\n<path d=\"M37.3335 42.6667V31.6337C37.3335 21.8553 44.042 13.5623 53.3335 10.6667\" stroke=\"#BFBFBF\" stroke-width=\"6\"\/>\n<path d=\"M5.3335 42.6667C5.3335 37.6384 5.3335 35.1243 6.8956 33.5621C8.45768 32 10.9718 32 16.0002 32C21.0285 32 23.5426 32 25.1047 33.5621C26.6668 35.1243 26.6668 37.6384 26.6668 42.6667C26.6668 47.6949 26.6668 50.2091 25.1047 51.7712C23.5426 53.3333 21.0285 53.3333 16.0002 53.3333C10.9718 53.3333 8.45768 53.3333 6.8956 51.7712C5.3335 50.2091 5.3335 47.6949 5.3335 42.6667Z\" fill=\"#BFBFBF\" stroke=\"#BFBFBF\" stroke-width=\"6\"\/>\n<path d=\"M5.3335 42.6667V31.6337C5.3335 21.8553 12.0421 13.5623 21.3335 10.6667\" stroke=\"#BFBFBF\" stroke-width=\"6\"\/>\n<\/svg>\n\n                        <div><p>Si vous cherchez un moyen simple d\u2019int\u00e9grer la facturation \u00e9lectronique \u00e0 votre syst\u00e8me, je vous recommande Flowin. Du premier contact \u00e0 la documentation compl\u00e8te en passant par le support r\u00e9actif, ils vous offrent une int\u00e9gration simple et efficace.<\/p>\n<p>&nbsp;<\/p>\n<\/div>\n                    <\/div>\n                    <div class=\"gc-quotes__bottom\">\n                                                    <img decoding=\"async\" width=\"64\" height=\"64\" src=\"https:\/\/myflowin.com\/wp-content\/uploads\/JP.svg\" class=\"gc-quotes__image\" alt=\"\" \/>                                                <div class=\"gc-quotes__bottom-text\">\n                            <div class=\"gc-quotes__name\">Jean-Pierre Cuypers<\/div>\n                            <div>CEO, Cafca Software<\/div>\n                        <\/div>\n                    <\/div>\n                <\/li>\n                            <li class=\"gc-quotes__item fs-small\">\n                    <div>\n                        <svg class='gc-quotes__icon' width=\"64\" height=\"64\" viewBox=\"0 0 64 64\" fill=\"none\" xmlns=\"http:\/\/www.w3.org\/2000\/svg\">\n<path d=\"M37.3335 42.6667C37.3335 37.6384 37.3335 35.1243 38.8956 33.5621C40.4578 32 42.9719 32 48.0002 32C53.0284 32 55.5426 32 57.1047 33.5621C58.6668 35.1243 58.6668 37.6384 58.6668 42.6667C58.6668 47.6949 58.6668 50.2091 57.1047 51.7712C55.5426 53.3333 53.0284 53.3333 48.0002 53.3333C42.9719 53.3333 40.4578 53.3333 38.8956 51.7712C37.3335 50.2091 37.3335 47.6949 37.3335 42.6667Z\" fill=\"#BFBFBF\" stroke=\"#BFBFBF\" stroke-width=\"6\"\/>\n<path d=\"M37.3335 42.6667V31.6337C37.3335 21.8553 44.042 13.5623 53.3335 10.6667\" stroke=\"#BFBFBF\" stroke-width=\"6\"\/>\n<path d=\"M5.3335 42.6667C5.3335 37.6384 5.3335 35.1243 6.8956 33.5621C8.45768 32 10.9718 32 16.0002 32C21.0285 32 23.5426 32 25.1047 33.5621C26.6668 35.1243 26.6668 37.6384 26.6668 42.6667C26.6668 47.6949 26.6668 50.2091 25.1047 51.7712C23.5426 53.3333 21.0285 53.3333 16.0002 53.3333C10.9718 53.3333 8.45768 53.3333 6.8956 51.7712C5.3335 50.2091 5.3335 47.6949 5.3335 42.6667Z\" fill=\"#BFBFBF\" stroke=\"#BFBFBF\" stroke-width=\"6\"\/>\n<path d=\"M5.3335 42.6667V31.6337C5.3335 21.8553 12.0421 13.5623 21.3335 10.6667\" stroke=\"#BFBFBF\" stroke-width=\"6\"\/>\n<\/svg>\n\n                        <div><p>L&#8217;API Flowin fonctionne sans probl\u00e8me au sein de notre logiciel existant et ajoute une couche suppl\u00e9mentaire de s\u00e9curit\u00e9 technique, tout en nous permettant de garder le contr\u00f4le. La connexion Peppol est devenue un \u00e9l\u00e9ment naturel de notre plateforme. Pour nous, c&#8217;est exactement la combinaison dont nous avions besoin.<\/p>\n<p>&nbsp;<\/p>\n<\/div>\n                    <\/div>\n                    <div class=\"gc-quotes__bottom\">\n                                                    <img decoding=\"async\" width=\"64\" height=\"64\" src=\"https:\/\/myflowin.com\/wp-content\/uploads\/BVD.svg\" class=\"gc-quotes__image\" alt=\"\" \/>                                                <div class=\"gc-quotes__bottom-text\">\n                            <div class=\"gc-quotes__name\">Bart Van der Donck<\/div>\n                            <div>Directeur g\u00e9n\u00e9ral, myKMO<\/div>\n                        <\/div>\n                    <\/div>\n                <\/li>\n                            <li class=\"gc-quotes__item fs-small\">\n                    <div>\n                        <svg class='gc-quotes__icon' width=\"64\" height=\"64\" viewBox=\"0 0 64 64\" fill=\"none\" xmlns=\"http:\/\/www.w3.org\/2000\/svg\">\n<path d=\"M37.3335 42.6667C37.3335 37.6384 37.3335 35.1243 38.8956 33.5621C40.4578 32 42.9719 32 48.0002 32C53.0284 32 55.5426 32 57.1047 33.5621C58.6668 35.1243 58.6668 37.6384 58.6668 42.6667C58.6668 47.6949 58.6668 50.2091 57.1047 51.7712C55.5426 53.3333 53.0284 53.3333 48.0002 53.3333C42.9719 53.3333 40.4578 53.3333 38.8956 51.7712C37.3335 50.2091 37.3335 47.6949 37.3335 42.6667Z\" fill=\"#BFBFBF\" stroke=\"#BFBFBF\" stroke-width=\"6\"\/>\n<path d=\"M37.3335 42.6667V31.6337C37.3335 21.8553 44.042 13.5623 53.3335 10.6667\" stroke=\"#BFBFBF\" stroke-width=\"6\"\/>\n<path d=\"M5.3335 42.6667C5.3335 37.6384 5.3335 35.1243 6.8956 33.5621C8.45768 32 10.9718 32 16.0002 32C21.0285 32 23.5426 32 25.1047 33.5621C26.6668 35.1243 26.6668 37.6384 26.6668 42.6667C26.6668 47.6949 26.6668 50.2091 25.1047 51.7712C23.5426 53.3333 21.0285 53.3333 16.0002 53.3333C10.9718 53.3333 8.45768 53.3333 6.8956 51.7712C5.3335 50.2091 5.3335 47.6949 5.3335 42.6667Z\" fill=\"#BFBFBF\" stroke=\"#BFBFBF\" stroke-width=\"6\"\/>\n<path d=\"M5.3335 42.6667V31.6337C5.3335 21.8553 12.0421 13.5623 21.3335 10.6667\" stroke=\"#BFBFBF\" stroke-width=\"6\"\/>\n<\/svg>\n\n                        <div><p>Notre client a \u00e9t\u00e9 \u00e9tonn\u00e9 de la rapidit\u00e9 avec laquelle tout s&#8217;est d\u00e9roul\u00e9. Une fois l&#8217;int\u00e9gration de Peppol activ\u00e9e, les factures arrivent presque instantan\u00e9ment, litt\u00e9ralement en quelques secondes.<\/p>\n<p>&nbsp;<\/p>\n<\/div>\n                    <\/div>\n                    <div class=\"gc-quotes__bottom\">\n                                                    <img decoding=\"async\" width=\"64\" height=\"64\" src=\"https:\/\/myflowin.com\/wp-content\/uploads\/PM.svg\" class=\"gc-quotes__image\" alt=\"\" \/>                                                <div class=\"gc-quotes__bottom-text\">\n                            <div class=\"gc-quotes__name\">Pieter Meeussen<\/div>\n                            <div>Director and Senior Developer, Afternoon Software Solutions<\/div>\n                        <\/div>\n                    <\/div>\n                <\/li>\n                    <\/ul>\n<\/div>\n<\/section>\n\n\n<!--\n Title: Call To Form\n-->\n\n<section class=\"gc-ctf\">\n    <!--\n    Title: Container\n    Mode: preview\n    SupportsJSX: true\n    Blueprint: false\n-->\n\n\n<div class=\"gc-container gc-container--has-margin\">\n    <div class=\"gc-ctf__inner\">\n                            <div class=\"gc-ctf__title h2\">\n                    Pr\u00eat \u00e0 proposer la facturation \u00e9lectronique simplement ?\n                <\/div>\n                                        <div class=\"gc-ctf__description fs-small\">\n                    <p>Flowin rend la connectivit\u00e9 e-invoicing scalable et fiable.<br \/>\nUtilis\u00e9 par +300 \u00e9diteurs de logiciels et +300.000 entreprises.<\/p>\n\n                <\/div>\n                        <a\n        href=\"https:\/\/myflowin.com\/fr\/contact\/\" class=\"gc-button gc-button--border gc-ctf__button\">\n                    Discutez-en avec notre \u00e9quipe\n        \n                    <svg class='gc-button__icon' xmlns=\"http:\/\/www.w3.org\/2000\/svg\" viewBox=\"0 0 512 512\"><!--! Font Awesome Pro 7.0.0 by @fontawesome - https:\/\/fontawesome.com License - https:\/\/fontawesome.com\/license (Commercial License) Copyright 2025 Fonticons, Inc. --><path fill=\"currentColor\" d=\"M507.3 267.3c6.2-6.2 6.2-16.4 0-22.6l-176-176c-6.2-6.2-16.4-6.2-22.6 0s-6.2 16.4 0 22.6L457.4 240 16 240c-8.8 0-16 7.2-16 16s7.2 16 16 16l441.4 0-148.7 148.7c-6.2 6.2-6.2 16.4 0 22.6s16.4 6.2 22.6 0l176-176z\"\/><\/svg>\n            <\/a>\n                <\/div>\n<\/div>\n<\/section>\n","protected":false},"excerpt":{"rendered":"","protected":false},"author":1,"featured_media":0,"parent":0,"menu_order":0,"comment_status":"closed","ping_status":"closed","template":"","meta":{"_acf_changed":false,"footnotes":""},"class_list":["post-3918","page","type-page","status-publish","hentry"],"acf":[],"_links":{"self":[{"href":"https:\/\/myflowin.com\/fr\/wp-json\/wp\/v2\/pages\/3918","targetHints":{"allow":["GET"]}}],"collection":[{"href":"https:\/\/myflowin.com\/fr\/wp-json\/wp\/v2\/pages"}],"about":[{"href":"https:\/\/myflowin.com\/fr\/wp-json\/wp\/v2\/types\/page"}],"author":[{"embeddable":true,"href":"https:\/\/myflowin.com\/fr\/wp-json\/wp\/v2\/users\/1"}],"replies":[{"embeddable":true,"href":"https:\/\/myflowin.com\/fr\/wp-json\/wp\/v2\/comments?post=3918"}],"version-history":[{"count":6,"href":"https:\/\/myflowin.com\/fr\/wp-json\/wp\/v2\/pages\/3918\/revisions"}],"predecessor-version":[{"id":4456,"href":"https:\/\/myflowin.com\/fr\/wp-json\/wp\/v2\/pages\/3918\/revisions\/4456"}],"wp:attachment":[{"href":"https:\/\/myflowin.com\/fr\/wp-json\/wp\/v2\/media?parent=3918"}],"curies":[{"name":"wp","href":"https:\/\/api.w.org\/{rel}","templated":true}]}}