{"id":3052,"date":"2025-10-09T12:39:00","date_gmt":"2025-10-09T10:39:00","guid":{"rendered":"https:\/\/myflowin.com\/documentation-api-2\/"},"modified":"2025-11-05T13:37:26","modified_gmt":"2025-11-05T12:37:26","slug":"documentation-api","status":"publish","type":"page","link":"https:\/\/myflowin.com\/fr\/documentation-api\/","title":{"rendered":"Documentation API"},"content":{"rendered":"<!--\n    Title: Icons\n-->\n\n<section class=\"gc-icons\">\n    <!--\n    Title: Container\n    Mode: preview\n    SupportsJSX: true\n    Blueprint: false\n-->\n\n\n<div class=\"gc-container gc-container--has-margin gc-icons__container\">\n    <div class=\"gc-icons__content gc-icons__content--left gc-icons__content--big\">\n            <h1 >\n\t\tInt\u00e9gration facile de l\u2019API e-invoicing via Wolters Kluwer Connect\n\t<\/h1>                            <div class=\"gc-icons__subtitle\"><p>Acc\u00e9dez \u00e0 notre documentation ouverte et simplifiez votre int\u00e9gration API directement via Wolters Kluwer Connect, votre hub centralis\u00e9 pour une gestion API s\u00e9curis\u00e9e, fluide et fiable.<\/p>\n<\/div>\n                                        <a href=\"https:\/\/api.wolterskluwer.com\/apiproducts\/flowin-e-invoicing\" target=\"_blank\" class=\"gc-button  gc-icons__top-button\" rel=\"noopener\">\n                    Acc\u00e9der \u00e0 la documentation API\n        \n                    <svg class='gc-button__icon' xmlns=\"http:\/\/www.w3.org\/2000\/svg\" viewBox=\"0 0 512 512\"><!--! Font Awesome Pro 7.0.0 by @fontawesome - https:\/\/fontawesome.com License - https:\/\/fontawesome.com\/license (Commercial License) Copyright 2025 Fonticons, Inc. --><path fill=\"currentColor\" d=\"M507.3 267.3c6.2-6.2 6.2-16.4 0-22.6l-176-176c-6.2-6.2-16.4-6.2-22.6 0s-6.2 16.4 0 22.6L457.4 240 16 240c-8.8 0-16 7.2-16 16s7.2 16 16 16l441.4 0-148.7 148.7c-6.2 6.2-6.2 16.4 0 22.6s16.4 6.2 22.6 0l176-176z\"\/><\/svg>\n            <\/a>\n                            <\/div>\n<\/div>\n<\/section>\n\n\n<!--\n Title: Steps\n-->\n\n<section class=\"gc-steps gc-steps--vertical\">\n    <!--\n    Title: Container\n    Mode: preview\n    SupportsJSX: true\n    Blueprint: false\n-->\n\n\n<div class=\"gc-container gc-container--has-margin\">\n    <div class=\"gc-steps__content\">\n            <h2 class=\"gc-steps__title\">\n                Testez votre application en 4 \u00e9tapes simples\n            <\/h2>\n                    <\/div>\n        <div class=\"gc-steps__steps\">\n                            <div class=\"gc-steps__item\">\n                    <div class=\"gc-steps__item-inner\">\n                        <div class=\"gc-steps__item-title h1\">1<\/div>\n                        <div class=\"gc-steps__item-description fs-small\">Consultez la documentation ouverte<\/div>\n                    <\/div>\n                <\/div>\n                            <div class=\"gc-steps__item\">\n                    <div class=\"gc-steps__item-inner\">\n                        <div class=\"gc-steps__item-title h1\">2<\/div>\n                        <div class=\"gc-steps__item-description fs-small\">Contactez l\u2019\u00e9quipe Flowin pour obtenir l\u2019acc\u00e8s \u00e0 l&#039;environnement de test<\/div>\n                    <\/div>\n                <\/div>\n                            <div class=\"gc-steps__item\">\n                    <div class=\"gc-steps__item-inner\">\n                        <div class=\"gc-steps__item-title h1\">3<\/div>\n                        <div class=\"gc-steps__item-description fs-small\">Enregistrez votre organisation sur Wolters Kluwer Connect<\/div>\n                    <\/div>\n                <\/div>\n                            <div class=\"gc-steps__item\">\n                    <div class=\"gc-steps__item-inner\">\n                        <div class=\"gc-steps__item-title h1\">4<\/div>\n                        <div class=\"gc-steps__item-description fs-small\">Enregistrez votre application<\/div>\n                    <\/div>\n                <\/div>\n                    <\/div>\n<\/div>\n<\/section>\n\n\n<!--\n Title: Call To Action\n-->\n\n<section class=\"gc-cta\">\n    <!--\n    Title: Container\n    Mode: preview\n    SupportsJSX: true\n    Blueprint: false\n-->\n\n\n<div class=\"gc-container gc-container--has-padding\">\n    <div class=\"gc-cta__title h2\">\n                <p>Abonnez-vous \u00e0 notre newsletter<\/p>\n\n            <\/div>\n                            <div class=\"gc-cta__description fs-small\">\n                <p>Recevez les derni\u00e8res mises \u00e0 jour produit, articles de blog et actualit\u00e9s sur l\u2019e-invoicing directement dans votre bo\u00eete mail !<\/p>\n\n            <\/div>\n        \n                    <div class=\"gc-cta__form\">\n                <script>\nvar gform;gform||(document.addEventListener(\"gform_main_scripts_loaded\",function(){gform.scriptsLoaded=!0}),document.addEventListener(\"gform\/theme\/scripts_loaded\",function(){gform.themeScriptsLoaded=!0}),window.addEventListener(\"DOMContentLoaded\",function(){gform.domLoaded=!0}),gform={domLoaded:!1,scriptsLoaded:!1,themeScriptsLoaded:!1,isFormEditor:()=>\"function\"==typeof InitializeEditor,callIfLoaded:function(o){return!(!gform.domLoaded||!gform.scriptsLoaded||!gform.themeScriptsLoaded&&!gform.isFormEditor()||(gform.isFormEditor()&&console.warn(\"The use of gform.initializeOnLoaded() is deprecated in the form editor context and will be removed in Gravity Forms 3.1.\"),o(),0))},initializeOnLoaded:function(o){gform.callIfLoaded(o)||(document.addEventListener(\"gform_main_scripts_loaded\",()=>{gform.scriptsLoaded=!0,gform.callIfLoaded(o)}),document.addEventListener(\"gform\/theme\/scripts_loaded\",()=>{gform.themeScriptsLoaded=!0,gform.callIfLoaded(o)}),window.addEventListener(\"DOMContentLoaded\",()=>{gform.domLoaded=!0,gform.callIfLoaded(o)}))},hooks:{action:{},filter:{}},addAction:function(o,r,e,t){gform.addHook(\"action\",o,r,e,t)},addFilter:function(o,r,e,t){gform.addHook(\"filter\",o,r,e,t)},doAction:function(o){gform.doHook(\"action\",o,arguments)},applyFilters:function(o){return gform.doHook(\"filter\",o,arguments)},removeAction:function(o,r){gform.removeHook(\"action\",o,r)},removeFilter:function(o,r,e){gform.removeHook(\"filter\",o,r,e)},addHook:function(o,r,e,t,n){null==gform.hooks[o][r]&&(gform.hooks[o][r]=[]);var d=gform.hooks[o][r];null==n&&(n=r+\"_\"+d.length),gform.hooks[o][r].push({tag:n,callable:e,priority:t=null==t?10:t})},doHook:function(r,o,e){var t;if(e=Array.prototype.slice.call(e,1),null!=gform.hooks[r][o]&&((o=gform.hooks[r][o]).sort(function(o,r){return o.priority-r.priority}),o.forEach(function(o){\"function\"!=typeof(t=o.callable)&&(t=window[t]),\"action\"==r?t.apply(null,e):e[0]=t.apply(null,e)})),\"filter\"==r)return e[0]},removeHook:function(o,r,t,n){var e;null!=gform.hooks[o][r]&&(e=(e=gform.hooks[o][r]).filter(function(o,r,e){return!!(null!=n&&n!=o.tag||null!=t&&t!=o.priority)}),gform.hooks[o][r]=e)}});\n<\/script>\n\n                <div class='gf_browser_gecko gform_wrapper gravity-theme gform-theme--no-framework' data-form-theme='gravity-theme' data-form-index='0' id='gform_wrapper_19' ><div id='gf_19' class='gform_anchor' tabindex='-1'><\/div><form method='post' enctype='multipart\/form-data' target='gform_ajax_frame_19' id='gform_19'  action='\/fr\/wp-json\/wp\/v2\/pages\/3052#gf_19' data-formid='19' novalidate>\n                        <div class='gform-body gform_body'><div id='gform_fields_19' class='gform_fields top_label form_sublabel_below description_below validation_below'><div id=\"field_19_1\" class=\"gfield gfield--type-email gfield--input-type-email gfield--width-two-thirds gfield_contains_required field_sublabel_below gfield--no-description field_description_below field_validation_below gfield_visibility_visible\"  ><label class='gfield_label gform-field-label' for='input_19_1'>Votre email<span class=\"gfield_required\"><span class=\"gfield_required gfield_required_text\">(N\u00e9cessaire)<\/span><\/span><\/label><div class='ginput_container ginput_container_email'>\n                            <input name='input_1' id='input_19_1' type='email' value='' class='large'   placeholder='Votre e-mail' aria-required=\"true\" aria-invalid=\"false\"  \/>\n                        <\/div><\/div><div id=\"field_submit\" class=\"gfield gfield--type-submit gfield--width-third field_sublabel_below gfield--no-description field_description_below field_validation_below gfield_visibility_visible\"  data-field-class=\"gform_editor_submit_container\" data-field-position=\"inline\" ><label class=\"gc-submit-button\" tabindex=\"0\">\n    <button class=\"gc-submit-button__inner\" id=\"gform_submit_button_19\" type=\"submit\">\n        S\u2019inscrire\n        <svg class='gc-submit-button__icon' xmlns=\"http:\/\/www.w3.org\/2000\/svg\" viewBox=\"0 0 512 512\"><!--! Font Awesome Pro 7.0.0 by @fontawesome - https:\/\/fontawesome.com License - https:\/\/fontawesome.com\/license (Commercial License) Copyright 2025 Fonticons, Inc. --><path fill=\"currentColor\" d=\"M507.3 267.3c6.2-6.2 6.2-16.4 0-22.6l-176-176c-6.2-6.2-16.4-6.2-22.6 0s-6.2 16.4 0 22.6L457.4 240 16 240c-8.8 0-16 7.2-16 16s7.2 16 16 16l441.4 0-148.7 148.7c-6.2 6.2-6.2 16.4 0 22.6s16.4 6.2 22.6 0l176-176z\"\/><\/svg>    <\/button>\n<\/label>\n<\/div><\/div><\/div>\n        <div class='gform-footer gform_footer top_label'>  <input type='hidden' name='gform_ajax' value='form_id=19&amp;title=&amp;description=&amp;tabindex=0&amp;theme=gravity-theme&amp;styles=[]&amp;hash=ea1149f937448c777dc98cc1797561c4' \/>\n            <input type='hidden' class='gform_hidden' name='gform_submission_method' data-js='gform_submission_method_19' value='iframe' \/>\n            <input type='hidden' class='gform_hidden' name='gform_theme' data-js='gform_theme_19' id='gform_theme_19' value='gravity-theme' \/>\n            <input type='hidden' class='gform_hidden' name='gform_style_settings' data-js='gform_style_settings_19' id='gform_style_settings_19' value='[]' \/>\n            <input type='hidden' class='gform_hidden' name='is_submit_19' value='1' \/>\n            <input type='hidden' class='gform_hidden' name='gform_submit' value='19' \/>\n            \n            <input type='hidden' class='gform_hidden' name='gform_currency' data-currency='EUR' value='YNmzFdQtLiVcRSUE16KuyBkKNxWZHJy2b3C9aoVJ3EjW3KkwVV4AY\/ZARGujnoVzsMusdGC3uW1W1YEJXDO6BWBd3RRkcYp8h3syeo6NUJFcfT4=' \/>\n            <input type='hidden' class='gform_hidden' name='gform_unique_id' value='' \/>\n            <input type='hidden' class='gform_hidden' name='state_19' value='WyJbXSIsImQwMzQyNWIyNzgzMDlkNTFkNzg1ZTI2YmMwZTY1M2Q2Il0=' \/>\n            <input type='hidden' autocomplete='off' class='gform_hidden' name='gform_target_page_number_19' id='gform_target_page_number_19' value='0' \/>\n            <input type='hidden' autocomplete='off' class='gform_hidden' name='gform_source_page_number_19' id='gform_source_page_number_19' value='1' \/>\n            <input type='hidden' name='gform_field_values' value='' \/>\n            \n        <\/div>\n                        <input type=\"hidden\" id=\"ct_checkjs_9de6d14fff9806d4bcd1ef555be766cd\" name=\"ct_checkjs\" value=\"0\" \/><input\n                    class=\"apbct_special_field apbct_email_id__gravity_form\"\n                    name=\"apbct__email_id__gravity_form\"\n                    aria-label=\"apbct__label_id__gravity_form\"\n                    type=\"text\" size=\"30\" maxlength=\"200\" autocomplete=\"off\"\n                    value=\"\"\n                \/><\/form>\n                        <\/div>\n\t\t                <iframe style='display:none;width:0px;height:0px;' src='about:blank' name='gform_ajax_frame_19' id='gform_ajax_frame_19' title='Cette iframe contient la logique n\u00e9cessaire pour manipuler Gravity Forms avec Ajax.'><\/iframe>\n\t\t                <script>\ngform.initializeOnLoaded( function() {gformInitSpinner( 19, 'https:\/\/myflowin.com\/wp-content\/plugins\/gravityforms\/images\/spinner.svg', true );jQuery('#gform_ajax_frame_19').on('load',function(){var contents = jQuery(this).contents().find('*').html();var is_postback = contents.indexOf('GF_AJAX_POSTBACK') >= 0;if(!is_postback){return;}var form_content = jQuery(this).contents().find('#gform_wrapper_19');var is_confirmation = jQuery(this).contents().find('#gform_confirmation_wrapper_19').length > 0;var is_redirect = contents.indexOf('gformRedirect(){') >= 0;var is_form = form_content.length > 0 && ! is_redirect && ! is_confirmation;var mt = parseInt(jQuery('html').css('margin-top'), 10) + parseInt(jQuery('body').css('margin-top'), 10) + 100;if(is_form){jQuery('#gform_wrapper_19').html(form_content.html());if(form_content.hasClass('gform_validation_error')){jQuery('#gform_wrapper_19').addClass('gform_validation_error');} else {jQuery('#gform_wrapper_19').removeClass('gform_validation_error');}setTimeout( function() { \/* delay the scroll by 50 milliseconds to fix a bug in chrome *\/ jQuery(document).scrollTop(jQuery('#gform_wrapper_19').offset().top - mt); }, 50 );if(window['gformInitDatepicker']) {gformInitDatepicker();}if(window['gformInitPriceFields']) {gformInitPriceFields();}var current_page = jQuery('#gform_source_page_number_19').val();gformInitSpinner( 19, 'https:\/\/myflowin.com\/wp-content\/plugins\/gravityforms\/images\/spinner.svg', true );jQuery(document).trigger('gform_page_loaded', [19, current_page]);window['gf_submitting_19'] = false;}else if(!is_redirect){var confirmation_content = jQuery(this).contents().find('.GF_AJAX_POSTBACK').html();if(!confirmation_content){confirmation_content = contents;}jQuery('#gform_wrapper_19').replaceWith(confirmation_content);jQuery(document).scrollTop(jQuery('#gf_19').offset().top - mt);jQuery(document).trigger('gform_confirmation_loaded', [19]);window['gf_submitting_19'] = false;wp.a11y.speak(jQuery('#gform_confirmation_message_19').text());}else{jQuery('#gform_19').append(contents);if(window['gformRedirect']) {gformRedirect();}}jQuery(document).trigger(\"gform_pre_post_render\", [{ formId: \"19\", currentPage: \"current_page\", abort: function() { this.preventDefault(); } }]);        if (event && event.defaultPrevented) {                return;        }        const gformWrapperDiv = document.getElementById( \"gform_wrapper_19\" );        if ( gformWrapperDiv ) {            const visibilitySpan = document.createElement( \"span\" );            visibilitySpan.id = \"gform_visibility_test_19\";            gformWrapperDiv.insertAdjacentElement( \"afterend\", visibilitySpan );        }        const visibilityTestDiv = document.getElementById( \"gform_visibility_test_19\" );        let postRenderFired = false;        function triggerPostRender() {            if ( postRenderFired ) {                return;            }            postRenderFired = true;            gform.core.triggerPostRenderEvents( 19, current_page );            if ( visibilityTestDiv ) {                visibilityTestDiv.parentNode.removeChild( visibilityTestDiv );            }        }        function debounce( func, wait, immediate ) {            var timeout;            return function() {                var context = this, args = arguments;                var later = function() {                    timeout = null;                    if ( !immediate ) func.apply( context, args );                };                var callNow = immediate && !timeout;                clearTimeout( timeout );                timeout = setTimeout( later, wait );                if ( callNow ) func.apply( context, args );            };        }        const debouncedTriggerPostRender = debounce( function() {            triggerPostRender();        }, 200 );        if ( visibilityTestDiv && visibilityTestDiv.offsetParent === null ) {            const observer = new MutationObserver( ( mutations ) => {                mutations.forEach( ( mutation ) => {                    if ( mutation.type === 'attributes' && visibilityTestDiv.offsetParent !== null ) {                        debouncedTriggerPostRender();                        observer.disconnect();                    }                });            });            observer.observe( document.body, {                attributes: true,                childList: false,                subtree: true,                attributeFilter: [ 'style', 'class' ],            });        } else {            triggerPostRender();        }    } );} );\n<\/script>\n            <\/div>\n<\/div>\n    <img decoding=\"async\" width=\"1024\" height=\"1024\" src=\"https:\/\/cdn.myflowin.com\/wp-content\/uploads\/f98b89576d6ae2b0a3e79ea66b3f00541de75f48-1024x1024.jpg\" class=\"gc-cta__image\" alt=\"\" srcset=\"https:\/\/cdn.myflowin.com\/wp-content\/uploads\/f98b89576d6ae2b0a3e79ea66b3f00541de75f48-1024x1024.jpg 1024w, https:\/\/cdn.myflowin.com\/wp-content\/uploads\/f98b89576d6ae2b0a3e79ea66b3f00541de75f48-300x300.jpg 300w, https:\/\/cdn.myflowin.com\/wp-content\/uploads\/f98b89576d6ae2b0a3e79ea66b3f00541de75f48-150x150.jpg 150w, https:\/\/cdn.myflowin.com\/wp-content\/uploads\/f98b89576d6ae2b0a3e79ea66b3f00541de75f48-768x768.jpg 768w, https:\/\/cdn.myflowin.com\/wp-content\/uploads\/f98b89576d6ae2b0a3e79ea66b3f00541de75f48.jpg 1400w\" sizes=\"(max-width: 1024px) 100vw, 1024px\" \/>\n<\/section>\n\n\n\n<p><\/p>\n","protected":false},"excerpt":{"rendered":"","protected":false},"author":1,"featured_media":0,"parent":0,"menu_order":0,"comment_status":"closed","ping_status":"closed","template":"","meta":{"_acf_changed":false,"footnotes":""},"class_list":["post-3052","page","type-page","status-publish","hentry"],"acf":[],"_links":{"self":[{"href":"https:\/\/myflowin.com\/fr\/wp-json\/wp\/v2\/pages\/3052","targetHints":{"allow":["GET"]}}],"collection":[{"href":"https:\/\/myflowin.com\/fr\/wp-json\/wp\/v2\/pages"}],"about":[{"href":"https:\/\/myflowin.com\/fr\/wp-json\/wp\/v2\/types\/page"}],"author":[{"embeddable":true,"href":"https:\/\/myflowin.com\/fr\/wp-json\/wp\/v2\/users\/1"}],"replies":[{"embeddable":true,"href":"https:\/\/myflowin.com\/fr\/wp-json\/wp\/v2\/comments?post=3052"}],"version-history":[{"count":2,"href":"https:\/\/myflowin.com\/fr\/wp-json\/wp\/v2\/pages\/3052\/revisions"}],"predecessor-version":[{"id":3163,"href":"https:\/\/myflowin.com\/fr\/wp-json\/wp\/v2\/pages\/3052\/revisions\/3163"}],"wp:attachment":[{"href":"https:\/\/myflowin.com\/fr\/wp-json\/wp\/v2\/media?parent=3052"}],"curies":[{"name":"wp","href":"https:\/\/api.w.org\/{rel}","templated":true}]}}