{"id":3945,"date":"2026-04-01T10:31:12","date_gmt":"2026-04-01T08:31:12","guid":{"rendered":"https:\/\/myflowin.com\/peppol-api\/"},"modified":"2026-04-09T09:36:10","modified_gmt":"2026-04-09T07:36:10","slug":"peppol-api","status":"publish","type":"page","link":"https:\/\/myflowin.com\/de\/peppol-api\/","title":{"rendered":"Peppol API"},"content":{"rendered":"<!--\n    Title: Hero\n-->\n\n\n<section class=\"gc-hero\">\n    <!--\n    Title: Container\n    Mode: preview\n    SupportsJSX: true\n    Blueprint: false\n-->\n\n\n<div class=\"gc-container gc-container--small gc-hero__container\">\n    <div class=\"gc-hero__wrapper\">\n                            <div class=\"gc-breadcrumbs gc-hero__breadcrumbs\">\n    <\/div>\n                        <h1 class=\"gc-hero__title\">\n                <p>Eine einfache API, um<br \/>\nIhre Software mit Peppol zu verbinden<\/p>\n\n            <\/h1>\n\n            <div class=\"gc-hero__content\">\n                <p>Nutzen Sie unsere Peppol API, um innerhalb weniger Tage in Betrieb zu gehen, ohne die Kosten oder den Aufwand f\u00fcr Ihren eigenen Access Point<br \/>\n.<\/p>\n\n            <\/div>\n\n                            <div class=\"gc-hero__buttons\">\n                                            <a\n        href=\"https:\/\/myflowin.com\/de\/contact\/\" class=\"gc-button gc-button--blue gc-hero__button\">\n                    Fragen Sie uns alles\n        \n                    <svg class='gc-button__icon' xmlns=\"http:\/\/www.w3.org\/2000\/svg\" viewBox=\"0 0 512 512\"><!--! Font Awesome Pro 7.0.0 by @fontawesome - https:\/\/fontawesome.com License - https:\/\/fontawesome.com\/license (Commercial License) Copyright 2025 Fonticons, Inc. --><path fill=\"currentColor\" d=\"M507.3 267.3c6.2-6.2 6.2-16.4 0-22.6l-176-176c-6.2-6.2-16.4-6.2-22.6 0s-6.2 16.4 0 22.6L457.4 240 16 240c-8.8 0-16 7.2-16 16s7.2 16 16 16l441.4 0-148.7 148.7c-6.2 6.2-6.2 16.4 0 22.6s16.4 6.2 22.6 0l176-176z\"\/><\/svg>\n            <\/a>\n                                            <\/div>\n                    <\/div>\n<\/div>\n    <div class=\"gc-hero__parallax\">\n                    <img fetchpriority=\"high\" width=\"2048\" height=\"1138\" src=\"https:\/\/myflowin.com\/wp-content\/uploads\/API-BG-2048x1138.jpg\" class=\"gc-hero__image\" alt=\"\" loading=\"eager\" decoding=\"sync\" srcset=\"https:\/\/myflowin.com\/wp-content\/uploads\/API-BG-2048x1138.jpg 2048w, https:\/\/myflowin.com\/wp-content\/uploads\/API-BG-300x167.jpg 300w, https:\/\/myflowin.com\/wp-content\/uploads\/API-BG-1024x569.jpg 1024w, https:\/\/myflowin.com\/wp-content\/uploads\/API-BG-768x427.jpg 768w, https:\/\/myflowin.com\/wp-content\/uploads\/API-BG-1536x853.jpg 1536w\" sizes=\"(max-width: 2048px) 100vw, 2048px\" \/>            <\/div>\n<\/section>\n\n\n<!--\n    Title: Icons\n-->\n\n<section class=\"gc-icons gc-icons--with-borders\">\n    <!--\n    Title: Container\n    Mode: preview\n    SupportsJSX: true\n    Blueprint: false\n-->\n\n\n<div class=\"gc-container gc-container--has-margin gc-icons__container\">\n    <div class=\"gc-icons__content gc-icons__content--center\">\n            <h2 >\n\t\t3 Gr\u00fcnde f\u00fcr die Verwendung der Peppol API von Flowin\n\t<\/h2>                                <\/div>\n                    <div class=\"gc-icons__icons gc-icons__icons--3 gc-icons__icons--with-border\">\n                                    <div class=\"gc-icons__item fs-small gc-icons__item--left\">\n                        <div class=\"gc-icons__item-inner\">\n                            <img decoding=\"async\" width=\"40\" height=\"40\" src=\"https:\/\/myflowin.com\/wp-content\/uploads\/peppol-1-1-1.svg\" class=\"gc-icons__icon\" alt=\"\" \/>                            <div class=\"gc-icons__item-title\">Ein zertifizierter Peppol Access Point Partner, der Sie schnell voranbringt<\/div>\n                                                            <div><p>Wir k\u00fcmmern uns hinter den Kulissen um alle Aktualisierungen und Verbesserungen der Peppol-Infrastruktur, so dass Ihr Team einmalig integriert wird und ohne zus\u00e4tzlichen Aufwand konform bleibt.<\/p>\n<\/div>\n                                                                                <\/div>\n                    <\/div>\n                                    <div class=\"gc-icons__item fs-small gc-icons__item--left\">\n                        <div class=\"gc-icons__item-inner\">\n                                                        <div class=\"gc-icons__item-title\">Der einfachste Weg zur ViDA-Konformit\u00e4t in Europa<\/div>\n                                                            <div><p>Unsere Peppol API zentralisiert die Zustellung und Validierung elektronischer Rechnungen und sorgt daf\u00fcr, dass Sie die ViDA-Anforderungen in ganz Europa erf\u00fcllen.<\/p>\n<\/div>\n                                                                                <\/div>\n                    <\/div>\n                                    <div class=\"gc-icons__item fs-small gc-icons__item--left\">\n                        <div class=\"gc-icons__item-inner\">\n                            <img decoding=\"async\" width=\"40\" height=\"40\" src=\"https:\/\/myflowin.com\/wp-content\/uploads\/tag-02.svg\" class=\"gc-icons__icon\" alt=\"\" \/>                            <div class=\"gc-icons__item-title\">Transparente Preise, auf die Sie sich verlassen k\u00f6nnen<\/div>\n                                                            <div><p>Der Aufbau und Betrieb Ihrer eigenen Peppol-Verbindung ist oft mit unvorhersehbaren Geb\u00fchren verbunden. Mit Flowin bleibt die Preisgestaltung einfach und vorhersehbar: Sie zahlen auf der Grundlage der Anzahl der Kunden, die Sie an Bord nehmen, und nicht auf der Grundlage der Anzahl der Rechnungen, die sie senden. <\/p>\n<\/div>\n                                                                                <\/div>\n                    <\/div>\n                            <\/div>\n<\/div>\n<\/section>\n\n\n<!--\n    Title: Table\n-->\n\n<section class=\"gc-table\">\n    <!--\n    Title: Container\n    Mode: preview\n    SupportsJSX: true\n    Blueprint: false\n-->\n\n\n<div class=\"gc-container gc-container--has-margin gc-table__container\">\n    <h2 class=\"gc-table__heading h2\">Wie Sie Ihre Peppol-Integrationswege bewerten<\/h2>\n        \n                    <div class=\"gc-table__wrap\">\n                <table class=\"gc-table__table\">\n                    <thead class=\"gc-table__thead\">\n                        <tr class=\"gc-table__tr gc-table__tr--head\">\n                            <th class=\"gc-table__th gc-table__th--corner\" scope=\"col\"><\/th>\n                            <th class=\"gc-table__th\" scope=\"col\">DIY-Integration<\/th>\n                            <th class=\"gc-table__th\" scope=\"col\">Andere API-Anbieter<\/th>\n                            <th class=\"gc-table__th\" scope=\"col\">Flowin API<\/th>\n                        <\/tr>\n                    <\/thead>\n                    <tbody class=\"gc-table__tbody\">\n                                                    \n                                                            <tr class=\"gc-table__tr gc-table__tr--accordion\" x-data=\"comparisonRow(true)\">\n                                    <td class=\"gc-table__td gc-table__td--criterion\" colspan=\"1\">\n                                        <button type=\"button\" class=\"gc-table__accordion-toggle\" @click=\"toggle\" :aria-expanded=\"expanded\">\n                                            <span class=\"gc-table__criterion-title\">Geschwindigkeit der Integration<\/span>\n                                            <span class=\"gc-table__chevron-wrap\" :class=\"{ 'is-open': expanded }\" aria-hidden=\"true\">\n                                                <svg class='gc-table__chevron' xmlns=\"http:\/\/www.w3.org\/2000\/svg\" viewBox=\"0 0 512 512\"><!--! Font Awesome Pro 6.5.1 by @fontawesome - https:\/\/fontawesome.com License - https:\/\/fontawesome.com\/license (Commercial License) Copyright 2023 Fonticons, Inc. --><path d=\"M239 401c9.4 9.4 24.6 9.4 33.9 0L465 209c9.4-9.4 9.4-24.6 0-33.9s-24.6-9.4-33.9 0l-175 175L81 175c-9.4-9.4-24.6-9.4-33.9 0s-9.4 24.6 0 33.9L239 401z\"\/><\/svg>                                            <\/span>\n                                        <\/button>\n                                        <div x-show=\"expanded\" x-cloak x-collapse>\n                                            <p class=\"gc-table__description\">Die Integration von Flowin kann innerhalb weniger Tage erfolgen, unterst\u00fctzt durch eine kostenlose Sandbox-Umgebung und eine offene Dokumentation.  <\/p>\n                                        <\/div>\n                                    <\/td>\n                                    <td class=\"gc-table__td gc-table__td--badge\">\n                                        <span class=\"gc-table__badge gc-table__badge--red\">\n                                            Langsam\n                                        <\/span>\n                                    <\/td>\n                                    <td class=\"gc-table__td gc-table__td--badge\">\n                                        <span class=\"gc-table__badge gc-table__badge--orange\">\n                                            Langsam-mittel\n                                        <\/span>\n                                    <\/td>\n                                    <td class=\"gc-table__td gc-table__td--badge\">\n                                        <span class=\"gc-table__badge gc-table__badge--green\">\n                                            Schnell\n                                        <\/span>\n                                    <\/td>\n                                <\/tr>\n                                                                                \n                                                            <tr class=\"gc-table__tr gc-table__tr--accordion\" x-data=\"comparisonRow(false)\">\n                                    <td class=\"gc-table__td gc-table__td--criterion\" colspan=\"1\">\n                                        <button type=\"button\" class=\"gc-table__accordion-toggle\" @click=\"toggle\" :aria-expanded=\"expanded\">\n                                            <span class=\"gc-table__criterion-title\">Technische Komplexit\u00e4t<\/span>\n                                            <span class=\"gc-table__chevron-wrap\" :class=\"{ 'is-open': expanded }\" aria-hidden=\"true\">\n                                                <svg class='gc-table__chevron' xmlns=\"http:\/\/www.w3.org\/2000\/svg\" viewBox=\"0 0 512 512\"><!--! Font Awesome Pro 6.5.1 by @fontawesome - https:\/\/fontawesome.com License - https:\/\/fontawesome.com\/license (Commercial License) Copyright 2023 Fonticons, Inc. --><path d=\"M239 401c9.4 9.4 24.6 9.4 33.9 0L465 209c9.4-9.4 9.4-24.6 0-33.9s-24.6-9.4-33.9 0l-175 175L81 175c-9.4-9.4-24.6-9.4-33.9 0s-9.4 24.6 0 33.9L239 401z\"\/><\/svg>                                            <\/span>\n                                        <\/button>\n                                        <div x-show=\"expanded\" x-cloak x-collapse>\n                                            <p class=\"gc-table__description\">Flowin bietet eine offene Dokumentation, kostenlose Testumgebungen und einen reaktionsschnellen Support, damit Sie Ihre Produkt-Roadmap beschleunigen k\u00f6nnen.  <\/p>\n                                        <\/div>\n                                    <\/td>\n                                    <td class=\"gc-table__td gc-table__td--badge\">\n                                        <span class=\"gc-table__badge gc-table__badge--red\">\n                                            Hoch\n                                        <\/span>\n                                    <\/td>\n                                    <td class=\"gc-table__td gc-table__td--badge\">\n                                        <span class=\"gc-table__badge gc-table__badge--orange\">\n                                            Niedrig-mittel\n                                        <\/span>\n                                    <\/td>\n                                    <td class=\"gc-table__td gc-table__td--badge\">\n                                        <span class=\"gc-table__badge gc-table__badge--green\">\n                                            Niedrig\n                                        <\/span>\n                                    <\/td>\n                                <\/tr>\n                                                                                \n                                                            <tr class=\"gc-table__tr gc-table__tr--accordion\" x-data=\"comparisonRow(false)\">\n                                    <td class=\"gc-table__td gc-table__td--criterion\" colspan=\"1\">\n                                        <button type=\"button\" class=\"gc-table__accordion-toggle\" @click=\"toggle\" :aria-expanded=\"expanded\">\n                                            <span class=\"gc-table__criterion-title\">Preisgestaltung und Kosten<\/span>\n                                            <span class=\"gc-table__chevron-wrap\" :class=\"{ 'is-open': expanded }\" aria-hidden=\"true\">\n                                                <svg class='gc-table__chevron' xmlns=\"http:\/\/www.w3.org\/2000\/svg\" viewBox=\"0 0 512 512\"><!--! Font Awesome Pro 6.5.1 by @fontawesome - https:\/\/fontawesome.com License - https:\/\/fontawesome.com\/license (Commercial License) Copyright 2023 Fonticons, Inc. --><path d=\"M239 401c9.4 9.4 24.6 9.4 33.9 0L465 209c9.4-9.4 9.4-24.6 0-33.9s-24.6-9.4-33.9 0l-175 175L81 175c-9.4-9.4-24.6-9.4-33.9 0s-9.4 24.6 0 33.9L239 401z\"\/><\/svg>                                            <\/span>\n                                        <\/button>\n                                        <div x-show=\"expanded\" x-cloak x-collapse>\n                                            <p class=\"gc-table__description\">Flowin bietet eine vorhersehbare Preisgestaltung, die auf der Anzahl der Kunden basiert, nicht auf der Anzahl der Rechnungen. Au\u00dferdem m\u00fcssen Sie sich keine Gedanken \u00fcber hohe Vorauszahlungen oder Wartungsanforderungen machen.   <\/p>\n                                        <\/div>\n                                    <\/td>\n                                    <td class=\"gc-table__td gc-table__td--badge\">\n                                        <span class=\"gc-table__badge gc-table__badge--red\">\n                                            Hoch\n                                        <\/span>\n                                    <\/td>\n                                    <td class=\"gc-table__td gc-table__td--badge\">\n                                        <span class=\"gc-table__badge gc-table__badge--red\">\n                                            Hoch\n                                        <\/span>\n                                    <\/td>\n                                    <td class=\"gc-table__td gc-table__td--badge\">\n                                        <span class=\"gc-table__badge gc-table__badge--green\">\n                                            Niedrig\n                                        <\/span>\n                                    <\/td>\n                                <\/tr>\n                                                                                \n                                                            <tr class=\"gc-table__tr gc-table__tr--accordion\" x-data=\"comparisonRow(false)\">\n                                    <td class=\"gc-table__td gc-table__td--criterion\" colspan=\"1\">\n                                        <button type=\"button\" class=\"gc-table__accordion-toggle\" @click=\"toggle\" :aria-expanded=\"expanded\">\n                                            <span class=\"gc-table__criterion-title\">Wartung erforderlich<\/span>\n                                            <span class=\"gc-table__chevron-wrap\" :class=\"{ 'is-open': expanded }\" aria-hidden=\"true\">\n                                                <svg class='gc-table__chevron' xmlns=\"http:\/\/www.w3.org\/2000\/svg\" viewBox=\"0 0 512 512\"><!--! Font Awesome Pro 6.5.1 by @fontawesome - https:\/\/fontawesome.com License - https:\/\/fontawesome.com\/license (Commercial License) Copyright 2023 Fonticons, Inc. --><path d=\"M239 401c9.4 9.4 24.6 9.4 33.9 0L465 209c9.4-9.4 9.4-24.6 0-33.9s-24.6-9.4-33.9 0l-175 175L81 175c-9.4-9.4-24.6-9.4-33.9 0s-9.4 24.6 0 33.9L239 401z\"\/><\/svg>                                            <\/span>\n                                        <\/button>\n                                        <div x-show=\"expanded\" x-cloak x-collapse>\n                                            <p class=\"gc-table__description\">Flowin verwaltet die Validierung, die Zustellung, das Routing, die Sicherheit, die Einhaltung von Gesetzen und den Betrieb von Access Points.  <\/p>\n                                        <\/div>\n                                    <\/td>\n                                    <td class=\"gc-table__td gc-table__td--badge\">\n                                        <span class=\"gc-table__badge gc-table__badge--red\">\n                                            Hoch\n                                        <\/span>\n                                    <\/td>\n                                    <td class=\"gc-table__td gc-table__td--badge\">\n                                        <span class=\"gc-table__badge gc-table__badge--green\">\n                                            Keine\n                                        <\/span>\n                                    <\/td>\n                                    <td class=\"gc-table__td gc-table__td--badge\">\n                                        <span class=\"gc-table__badge gc-table__badge--green\">\n                                            Keine\n                                        <\/span>\n                                    <\/td>\n                                <\/tr>\n                                                                                \n                                                            <tr class=\"gc-table__tr gc-table__tr--accordion\" x-data=\"comparisonRow(false)\">\n                                    <td class=\"gc-table__td gc-table__td--criterion\" colspan=\"1\">\n                                        <button type=\"button\" class=\"gc-table__accordion-toggle\" @click=\"toggle\" :aria-expanded=\"expanded\">\n                                            <span class=\"gc-table__criterion-title\">Kontinuierliche Sicherheit<\/span>\n                                            <span class=\"gc-table__chevron-wrap\" :class=\"{ 'is-open': expanded }\" aria-hidden=\"true\">\n                                                <svg class='gc-table__chevron' xmlns=\"http:\/\/www.w3.org\/2000\/svg\" viewBox=\"0 0 512 512\"><!--! Font Awesome Pro 6.5.1 by @fontawesome - https:\/\/fontawesome.com License - https:\/\/fontawesome.com\/license (Commercial License) Copyright 2023 Fonticons, Inc. --><path d=\"M239 401c9.4 9.4 24.6 9.4 33.9 0L465 209c9.4-9.4 9.4-24.6 0-33.9s-24.6-9.4-33.9 0l-175 175L81 175c-9.4-9.4-24.6-9.4-33.9 0s-9.4 24.6 0 33.9L239 401z\"\/><\/svg>                                            <\/span>\n                                        <\/button>\n                                        <div x-show=\"expanded\" x-cloak x-collapse>\n                                            <p class=\"gc-table__description\">Flowin bietet SSL\/TLS-Verschl\u00fcsselung, OAuth-Autorisierung und \u00fcbernimmt die volle Verantwortung f\u00fcr die Implementierung und Pflege aller Sicherheitskontrollen.  <\/p>\n                                        <\/div>\n                                    <\/td>\n                                    <td class=\"gc-table__td gc-table__td--badge\">\n                                        <span class=\"gc-table__badge gc-table__badge--orange\">\n                                            Niedrig-hoch\n                                        <\/span>\n                                    <\/td>\n                                    <td class=\"gc-table__td gc-table__td--badge\">\n                                        <span class=\"gc-table__badge gc-table__badge--orange\">\n                                            Niedrig-hoch\n                                        <\/span>\n                                    <\/td>\n                                    <td class=\"gc-table__td gc-table__td--badge\">\n                                        <span class=\"gc-table__badge gc-table__badge--green\">\n                                            Hoch\n                                        <\/span>\n                                    <\/td>\n                                <\/tr>\n                                                                                \n                                                            <tr class=\"gc-table__tr gc-table__tr--footer\">\n                                    <td class=\"gc-table__td gc-table__td--criterion\">\n                                        <span class=\"gc-table__criterion-title\">Am besten f\u00fcr wen<\/span>\n                                    <\/td>\n                                    <td class=\"gc-table__td gc-table__td--footer-text\">\n                                        Gro\u00dfe Unternehmen, die volle Kontrolle w\u00fcnschen und bereit sind, in die Infrastruktur zu investieren.\n                                    <\/td>\n                                    <td class=\"gc-table__td gc-table__td--footer-text\">\n                                        Softwareunternehmen, die eine Peppol-Anbindung w\u00fcnschen, aber offen f\u00fcr unterschiedliche Zeitpl\u00e4ne und Preismodelle sind.\n                                    <\/td>\n                                    <td class=\"gc-table__td gc-table__td--footer-text\">\n                                        Softwareunternehmen, die eine schnelle, zuverl\u00e4ssige elektronische Rechnungsstellung ohne Infrastrukturaufwand und Geb\u00fchren pro Dokument w\u00fcnschen.\n                                    <\/td>\n                                <\/tr>\n                                                                        <\/tbody>\n                <\/table>\n            <\/div>\n        \n                    <div class=\"gc-table__footer\">\n                <a\n        href=\"#\" class=\"gc-button\">\n                    Chatten Sie mit unseren E-Invoicing-Experten\n        \n                    <svg class='gc-button__icon' xmlns=\"http:\/\/www.w3.org\/2000\/svg\" viewBox=\"0 0 512 512\"><!--! Font Awesome Pro 7.0.0 by @fontawesome - https:\/\/fontawesome.com License - https:\/\/fontawesome.com\/license (Commercial License) Copyright 2025 Fonticons, Inc. --><path fill=\"currentColor\" d=\"M507.3 267.3c6.2-6.2 6.2-16.4 0-22.6l-176-176c-6.2-6.2-16.4-6.2-22.6 0s-6.2 16.4 0 22.6L457.4 240 16 240c-8.8 0-16 7.2-16 16s7.2 16 16 16l441.4 0-148.7 148.7c-6.2 6.2-6.2 16.4 0 22.6s16.4 6.2 22.6 0l176-176z\"\/><\/svg>\n            <\/a>\n                    <\/div>\n<\/div>\n<\/section>\n\n\n<!--\n    Title: Content with visual\n-->\n\n<section class=\"gc-cwv\">\n    <!--\n    Title: Container\n    Mode: preview\n    SupportsJSX: true\n    Blueprint: false\n-->\n\n\n<div class=\"gc-container gc-container--has-margin gc-cwv__container gc-cwv__container--with-video\">\n    <div class=\"gc-cwv__wrapper\">\n            <div class=\"gc-cwv__first-column\">\n                <figure class=\"gc-cwv__video-container\">\n            <lite-youtube posterquality='maxresdefault' videoid='xRaJeVLqiA0' ><\/lite-youtube>        <\/figure>\n                <\/div>\n            <div class=\"gc-cwv__second-column gc-cwv__second-column--with-content\">\n                <h2 class=\"gc-cwv__title h2\">\n\t\tWarum das Produktteam von Idloom die Flowin Peppol API bevorzugt\n\t<\/h2>    <div class=\"gc-cwv__text\">\n        <p>Dank offener Dokumentation, reaktionsschneller Unterst\u00fctzung und nahtloser Integration.<\/p>\n\n    <\/div>\n                <\/div>\n        <\/div>\n<\/div>\n<\/section>\n\n\n<!--\n Title: Call To Form\n-->\n\n<section class=\"gc-ctf\">\n    <!--\n    Title: Container\n    Mode: preview\n    SupportsJSX: true\n    Blueprint: false\n-->\n\n\n<div class=\"gc-container gc-container--has-margin\">\n    <div class=\"gc-ctf__inner\">\n                            <div class=\"gc-ctf__title h2\">\n                    Sind Sie bereit anzufangen?\n                <\/div>\n                                        <div class=\"gc-ctf__description fs-small\">\n                    <p>Hunderte von Softwareplattformen bieten \u00fcber Flowin eine Konnektivit\u00e4t f\u00fcr die elektronische Rechnungsstellung.<br \/>\nMit unserer zuverl\u00e4ssigen Peppol-Integration k\u00f6nnen Sie das auch.<\/p>\n\n                <\/div>\n                        <a\n        href=\"https:\/\/myflowin.com\/de\/contact\/\" class=\"gc-button gc-button--border gc-ctf__button\">\n                    Fragen Sie uns alles\n        \n                    <svg class='gc-button__icon' xmlns=\"http:\/\/www.w3.org\/2000\/svg\" viewBox=\"0 0 512 512\"><!--! Font Awesome Pro 7.0.0 by @fontawesome - https:\/\/fontawesome.com License - https:\/\/fontawesome.com\/license (Commercial License) Copyright 2025 Fonticons, Inc. --><path fill=\"currentColor\" d=\"M507.3 267.3c6.2-6.2 6.2-16.4 0-22.6l-176-176c-6.2-6.2-16.4-6.2-22.6 0s-6.2 16.4 0 22.6L457.4 240 16 240c-8.8 0-16 7.2-16 16s7.2 16 16 16l441.4 0-148.7 148.7c-6.2 6.2-6.2 16.4 0 22.6s16.4 6.2 22.6 0l176-176z\"\/><\/svg>\n            <\/a>\n                <\/div>\n<\/div>\n<\/section>\n","protected":false},"excerpt":{"rendered":"","protected":false},"author":1,"featured_media":0,"parent":0,"menu_order":0,"comment_status":"closed","ping_status":"closed","template":"","meta":{"_acf_changed":false,"footnotes":""},"class_list":["post-3945","page","type-page","status-publish","hentry"],"acf":[],"_links":{"self":[{"href":"https:\/\/myflowin.com\/de\/wp-json\/wp\/v2\/pages\/3945","targetHints":{"allow":["GET"]}}],"collection":[{"href":"https:\/\/myflowin.com\/de\/wp-json\/wp\/v2\/pages"}],"about":[{"href":"https:\/\/myflowin.com\/de\/wp-json\/wp\/v2\/types\/page"}],"author":[{"embeddable":true,"href":"https:\/\/myflowin.com\/de\/wp-json\/wp\/v2\/users\/1"}],"replies":[{"embeddable":true,"href":"https:\/\/myflowin.com\/de\/wp-json\/wp\/v2\/comments?post=3945"}],"version-history":[{"count":2,"href":"https:\/\/myflowin.com\/de\/wp-json\/wp\/v2\/pages\/3945\/revisions"}],"predecessor-version":[{"id":4138,"href":"https:\/\/myflowin.com\/de\/wp-json\/wp\/v2\/pages\/3945\/revisions\/4138"}],"wp:attachment":[{"href":"https:\/\/myflowin.com\/de\/wp-json\/wp\/v2\/media?parent=3945"}],"curies":[{"name":"wp","href":"https:\/\/api.w.org\/{rel}","templated":true}]}}