{"id":3900,"date":"2026-04-01T10:05:45","date_gmt":"2026-04-01T08:05:45","guid":{"rendered":"https:\/\/myflowin.com\/software-und-integratoren\/"},"modified":"2026-04-03T16:05:44","modified_gmt":"2026-04-03T14:05:44","slug":"software-und-integratoren","status":"publish","type":"page","link":"https:\/\/myflowin.com\/de\/software-und-integratoren\/","title":{"rendered":"Software und Integratoren"},"content":{"rendered":"<!--\n    Title: Hero\n-->\n\n\n<section class=\"gc-hero\">\n    <!--\n    Title: Container\n    Mode: preview\n    SupportsJSX: true\n    Blueprint: false\n-->\n\n\n<div class=\"gc-container gc-container--small gc-hero__container\">\n    <div class=\"gc-hero__wrapper\">\n                            <div class=\"gc-breadcrumbs gc-hero__breadcrumbs\">\n    <\/div>\n                        <h1 class=\"gc-hero__title\">\n                <p>Flowin bietet Ihrer Software<br \/>\neine direkte Verbindung zu Peppol<\/p>\n\n            <\/h1>\n\n            <div class=\"gc-hero__content\">\n                <p>M\u00f6chten Sie Ihre Software um die elektronische Rechnungsstellung erweitern? Flowin sorgt daf\u00fcr, dass Sie Ihre Software mit Peppol verbinden k\u00f6nnen. So bleibt Ihnen Zeit und Energie f\u00fcr das Wesentliche: die Konzentration auf Ihr Kerngesch\u00e4ft.  <\/p>\n\n            <\/div>\n\n                            <div class=\"gc-hero__buttons\">\n                                            <a\n        href=\"https:\/\/myflowin.com\/de\/contact\/\" class=\"gc-button gc-button--blue gc-hero__button\">\n                    Fragen Sie uns alles\n        \n                    <svg class='gc-button__icon' xmlns=\"http:\/\/www.w3.org\/2000\/svg\" viewBox=\"0 0 512 512\"><!--! Font Awesome Pro 7.0.0 by @fontawesome - https:\/\/fontawesome.com License - https:\/\/fontawesome.com\/license (Commercial License) Copyright 2025 Fonticons, Inc. --><path fill=\"currentColor\" d=\"M507.3 267.3c6.2-6.2 6.2-16.4 0-22.6l-176-176c-6.2-6.2-16.4-6.2-22.6 0s-6.2 16.4 0 22.6L457.4 240 16 240c-8.8 0-16 7.2-16 16s7.2 16 16 16l441.4 0-148.7 148.7c-6.2 6.2-6.2 16.4 0 22.6s16.4 6.2 22.6 0l176-176z\"\/><\/svg>\n            <\/a>\n                                            <\/div>\n                    <\/div>\n<\/div>\n    <div class=\"gc-hero__parallax\">\n                    <img fetchpriority=\"high\" width=\"2048\" height=\"1138\" src=\"https:\/\/myflowin.com\/wp-content\/uploads\/Software-BG-2048x1138.png\" class=\"gc-hero__image\" alt=\"\" loading=\"eager\" decoding=\"sync\" srcset=\"https:\/\/myflowin.com\/wp-content\/uploads\/Software-BG-2048x1138.png 2048w, https:\/\/myflowin.com\/wp-content\/uploads\/Software-BG-300x167.png 300w, https:\/\/myflowin.com\/wp-content\/uploads\/Software-BG-1024x569.png 1024w, https:\/\/myflowin.com\/wp-content\/uploads\/Software-BG-768x427.png 768w, https:\/\/myflowin.com\/wp-content\/uploads\/Software-BG-1536x853.png 1536w\" sizes=\"(max-width: 2048px) 100vw, 2048px\" \/>            <\/div>\n<\/section>\n<!--\n    Title: Icons\n-->\n\n<section class=\"gc-icons gc-icons--with-borders\">\n    <!--\n    Title: Container\n    Mode: preview\n    SupportsJSX: true\n    Blueprint: false\n-->\n\n\n<div class=\"gc-container gc-container--has-margin gc-icons__container\">\n    <div class=\"gc-icons__content gc-icons__content--left\">\n            <h2 >\n\t\tUnsere zuverl\u00e4ssige und skalierbare API l\u00e4sst sich direkt in Software integrieren, die f\u00fcr den europ\u00e4ischen B2B-Markt entwickelt wurde.\n\t<\/h2>                                <\/div>\n                    <div class=\"gc-icons__icons gc-icons__icons--3 gc-icons__icons--with-border\">\n                                    <div class=\"gc-icons__item fs-small gc-icons__item--left\">\n                        <div class=\"gc-icons__item-inner\">\n                            <img decoding=\"async\" width=\"40\" height=\"40\" src=\"https:\/\/myflowin.com\/wp-content\/uploads\/invoicing.svg\" class=\"gc-icons__icon\" alt=\"\" \/>                            <div class=\"gc-icons__item-title\">Software f\u00fcr die Rechnungsstellung<\/div>\n                                                            <div><p>L\u00f6sungen f\u00fcr Buchhaltung und Finanzen<\/p>\n<\/div>\n                                                                                <\/div>\n                    <\/div>\n                                    <div class=\"gc-icons__item fs-small gc-icons__item--left\">\n                        <div class=\"gc-icons__item-inner\">\n                            <img decoding=\"async\" width=\"40\" height=\"40\" src=\"https:\/\/myflowin.com\/wp-content\/uploads\/erp.svg\" class=\"gc-icons__icon\" alt=\"\" \/>                            <div class=\"gc-icons__item-title\">ERP und CRM<\/div>\n                                                            <div><p>Veranstaltungen und E-Commerce-Plattformen<\/p>\n<\/div>\n                                                                                <\/div>\n                    <\/div>\n                                    <div class=\"gc-icons__item fs-small gc-icons__item--left\">\n                        <div class=\"gc-icons__item-inner\">\n                            <img decoding=\"async\" width=\"40\" height=\"40\" src=\"https:\/\/myflowin.com\/wp-content\/uploads\/finance.svg\" class=\"gc-icons__icon\" alt=\"\" \/>                            <div class=\"gc-icons__item-title\">Finanzielle L\u00f6sungen<\/div>\n                                                            <div><p>Branchenspezifische Plattform und Warehouse Management Systeme (WMS)<\/p>\n<\/div>\n                                                                                <\/div>\n                    <\/div>\n                            <\/div>\n<\/div>\n<\/section>\n<!--\n    Title: Icons\n-->\n\n<section class=\"gc-icons\">\n    <!--\n    Title: Container\n    Mode: preview\n    SupportsJSX: true\n    Blueprint: false\n-->\n\n\n<div class=\"gc-container gc-container--small gc-container--has-margin gc-icons__container\">\n    <div class=\"gc-icons__content gc-icons__content--center\">\n            <h2 >\n\t\tFlowin l\u00e4sst sich nahtlos in Plattformen wie die Ihre integrieren und erm\u00f6glicht so eine reibungslose elektronische Rechnungsstellung.\n\t<\/h2>                                <\/div>\n                    <div class=\"gc-icons__icons gc-icons__icons--3\">\n                                    <div class=\"gc-icons__item fs-small gc-icons__item--left\">\n                        <div class=\"gc-icons__item-inner\">\n                            <img decoding=\"async\" width=\"40\" height=\"40\" src=\"https:\/\/myflowin.com\/wp-content\/uploads\/upload.svg\" class=\"gc-icons__icon\" alt=\"\" \/>                            <div class=\"gc-icons__item-title\">Peppol Rechnung <br \/>\r\nSenden<\/div>\n                                                                                <\/div>\n                    <\/div>\n                                    <div class=\"gc-icons__item fs-small gc-icons__item--left\">\n                        <div class=\"gc-icons__item-inner\">\n                            <img decoding=\"async\" width=\"40\" height=\"40\" src=\"https:\/\/myflowin.com\/wp-content\/uploads\/download.svg\" class=\"gc-icons__icon\" alt=\"\" \/>                            <div class=\"gc-icons__item-title\">Peppol Rechnung <br \/>\r\nEmpfang<\/div>\n                                                                                <\/div>\n                    <\/div>\n                                    <div class=\"gc-icons__item fs-small gc-icons__item--left\">\n                        <div class=\"gc-icons__item-inner\">\n                            <img decoding=\"async\" width=\"40\" height=\"40\" src=\"https:\/\/myflowin.com\/wp-content\/uploads\/switch.svg\" class=\"gc-icons__icon\" alt=\"\" \/>                            <div class=\"gc-icons__item-title\">Business <br \/>\r\nund technisches Feedback<br \/>\r\nzu Rechnungen<\/div>\n                                                                                <\/div>\n                    <\/div>\n                                    <div class=\"gc-icons__item fs-small gc-icons__item--left\">\n                        <div class=\"gc-icons__item-inner\">\n                            <img decoding=\"async\" width=\"40\" height=\"40\" src=\"https:\/\/myflowin.com\/wp-content\/uploads\/passport.svg\" class=\"gc-icons__icon\" alt=\"\" \/>                            <div class=\"gc-icons__item-title\">Onboarding <br \/>\r\n\u00dcberpr\u00fcfung (KYC)<\/div>\n                                                                                <\/div>\n                    <\/div>\n                                    <div class=\"gc-icons__item fs-small gc-icons__item--left\">\n                        <div class=\"gc-icons__item-inner\">\n                            <img decoding=\"async\" width=\"40\" height=\"40\" src=\"https:\/\/myflowin.com\/wp-content\/uploads\/billing.svg\" class=\"gc-icons__icon\" alt=\"\" \/>                            <div class=\"gc-icons__item-title\">Selbstfakturierung<\/div>\n                                                                                <\/div>\n                    <\/div>\n                                    <div class=\"gc-icons__item fs-small gc-icons__item--left\">\n                        <div class=\"gc-icons__item-inner\">\n                            <img decoding=\"async\" width=\"40\" height=\"40\" src=\"https:\/\/myflowin.com\/wp-content\/uploads\/registration.svg\" class=\"gc-icons__icon\" alt=\"\" \/>                            <div class=\"gc-icons__item-title\">GLN-Registrierung<\/div>\n                                                                                <\/div>\n                    <\/div>\n                                    <div class=\"gc-icons__item fs-small gc-icons__item--left\">\n                        <div class=\"gc-icons__item-inner\">\n                            <img decoding=\"async\" width=\"40\" height=\"40\" src=\"https:\/\/myflowin.com\/wp-content\/uploads\/local.svg\" class=\"gc-icons__icon\" alt=\"\" \/>                            <div class=\"gc-icons__item-title\">Lokale und EU <br \/>\r\nFormate wie <br \/>\r\nPeppol BIS 3, <br \/>\r\nX.Rechnung, SI-UBL, <br \/>\r\nund andere  <\/div>\n                                                                                <\/div>\n                    <\/div>\n                                    <div class=\"gc-icons__item fs-small gc-icons__item--left\">\n                        <div class=\"gc-icons__item-inner\">\n                            <img decoding=\"async\" width=\"40\" height=\"40\" src=\"https:\/\/myflowin.com\/wp-content\/uploads\/compliance.svg\" class=\"gc-icons__icon\" alt=\"\" \/>                            <div class=\"gc-icons__item-title\">Einhaltung der Anforderungen von <br \/>\r\nPeppol updates und <br \/>\r\n<\/div>\n                                                                                <\/div>\n                    <\/div>\n                                    <div class=\"gc-icons__item fs-small gc-icons__item--left\">\n                        <div class=\"gc-icons__item-inner\">\n                            <img decoding=\"async\" width=\"40\" height=\"40\" src=\"https:\/\/myflowin.com\/wp-content\/uploads\/peppol-1-1.svg\" class=\"gc-icons__icon\" alt=\"\" \/>                            <div class=\"gc-icons__item-title\">Zertifizierter Peppol <br \/>\r\nZugangspunkt  <\/div>\n                                                                                <\/div>\n                    <\/div>\n                            <\/div>\n<\/div>\n<\/section>\n<!--\n    Title: USP\n-->\n\n<section class=\"gc-usp\">\n    <!--\n    Title: Container\n    Mode: preview\n    SupportsJSX: true\n    Blueprint: false\n-->\n\n\n<div class=\"gc-container gc-container--has-margin gc-usp__container\">\n    <div class=\"gc-usp__intro\">\n                                    <h2>Flowin bietet Ihnen eine zuverl\u00e4ssige, stabile und gebrauchsfertige API, die Ihr Wachstum unterst\u00fctzt.<\/h2>\n                                            <\/div>\n                            <ul class=\"gc-usp__items\">\n                                    <li class=\"gc-usp__item\">\n                                                    <h3 class=\"gc-usp__item-title h5\">Seit 2007<\/h3>\n                                                                            <div class=\"fs-small\"><p>Unser Team ist seit 2007 dabei und hat an den Workshops zur Ausarbeitung der Gesetzgebung teilgenommen<\/p>\n<\/div>\n                                            <\/li>\n                                    <li class=\"gc-usp__item\">\n                                                    <h3 class=\"gc-usp__item-title h5\">300 Software<\/h3>\n                                                                            <div class=\"fs-small\"><p>In ganz Europa vertrauen Sie auf unsere Peppol-Konnektivit\u00e4t.<\/p>\n<\/div>\n                                            <\/li>\n                                    <li class=\"gc-usp__item\">\n                                                    <h3 class=\"gc-usp__item-title h5\">400,000<\/h3>\n                                                                            <div class=\"fs-small\"><p>Aktive Unternehmen in unserem Netzwerk<\/p>\n<\/div>\n                                            <\/li>\n                                    <li class=\"gc-usp__item\">\n                                                    <h3 class=\"gc-usp__item-title h5\">10 Millionen<\/h3>\n                                                                            <div class=\"fs-small\"><p>Dokumente werden \u00fcber unseren zertifizierten Peppol Access Point verarbeitet<\/p>\n<\/div>\n                                            <\/li>\n                            <\/ul>\n<\/div>\n<\/section>\n<!--\n Title: Quotes\n-->\n\n<section class=\"gc-quotes\">\n    <!--\n    Title: Container\n    Mode: preview\n    SupportsJSX: true\n    Blueprint: false\n-->\n\n\n<div class=\"gc-container gc-container--has-margin\">\n    <ul class=\"gc-quotes__list\">\n                            <li class=\"gc-quotes__item fs-small\">\n                    <div>\n                        <svg class='gc-quotes__icon' width=\"64\" height=\"64\" viewBox=\"0 0 64 64\" fill=\"none\" xmlns=\"http:\/\/www.w3.org\/2000\/svg\">\n<path d=\"M37.3335 42.6667C37.3335 37.6384 37.3335 35.1243 38.8956 33.5621C40.4578 32 42.9719 32 48.0002 32C53.0284 32 55.5426 32 57.1047 33.5621C58.6668 35.1243 58.6668 37.6384 58.6668 42.6667C58.6668 47.6949 58.6668 50.2091 57.1047 51.7712C55.5426 53.3333 53.0284 53.3333 48.0002 53.3333C42.9719 53.3333 40.4578 53.3333 38.8956 51.7712C37.3335 50.2091 37.3335 47.6949 37.3335 42.6667Z\" fill=\"#BFBFBF\" stroke=\"#BFBFBF\" stroke-width=\"6\"\/>\n<path d=\"M37.3335 42.6667V31.6337C37.3335 21.8553 44.042 13.5623 53.3335 10.6667\" stroke=\"#BFBFBF\" stroke-width=\"6\"\/>\n<path d=\"M5.3335 42.6667C5.3335 37.6384 5.3335 35.1243 6.8956 33.5621C8.45768 32 10.9718 32 16.0002 32C21.0285 32 23.5426 32 25.1047 33.5621C26.6668 35.1243 26.6668 37.6384 26.6668 42.6667C26.6668 47.6949 26.6668 50.2091 25.1047 51.7712C23.5426 53.3333 21.0285 53.3333 16.0002 53.3333C10.9718 53.3333 8.45768 53.3333 6.8956 51.7712C5.3335 50.2091 5.3335 47.6949 5.3335 42.6667Z\" fill=\"#BFBFBF\" stroke=\"#BFBFBF\" stroke-width=\"6\"\/>\n<path d=\"M5.3335 42.6667V31.6337C5.3335 21.8553 12.0421 13.5623 21.3335 10.6667\" stroke=\"#BFBFBF\" stroke-width=\"6\"\/>\n<\/svg>\n\n                        <div><p>Wenn Sie nach einer einfachen M\u00f6glichkeit suchen, die elektronische Rechnungsstellung in Ihr System zu integrieren, empfehle ich Flowin. Vom ersten Kontakt \u00fcber die umfassende Dokumentation bis hin zum reaktionsschnellen Support &#8211; die Integration ist einfach und effizient.<\/p>\n<\/div>\n                    <\/div>\n                    <div class=\"gc-quotes__bottom\">\n                                                    <img decoding=\"async\" width=\"64\" height=\"64\" src=\"https:\/\/myflowin.com\/wp-content\/uploads\/JP.svg\" class=\"gc-quotes__image\" alt=\"\" \/>                                                <div class=\"gc-quotes__bottom-text\">\n                            <div class=\"gc-quotes__name\">Jean-Pierre Cuypers<\/div>\n                            <div>CEO, Cafca Software<\/div>\n                        <\/div>\n                    <\/div>\n                <\/li>\n                            <li class=\"gc-quotes__item fs-small\">\n                    <div>\n                        <svg class='gc-quotes__icon' width=\"64\" height=\"64\" viewBox=\"0 0 64 64\" fill=\"none\" xmlns=\"http:\/\/www.w3.org\/2000\/svg\">\n<path d=\"M37.3335 42.6667C37.3335 37.6384 37.3335 35.1243 38.8956 33.5621C40.4578 32 42.9719 32 48.0002 32C53.0284 32 55.5426 32 57.1047 33.5621C58.6668 35.1243 58.6668 37.6384 58.6668 42.6667C58.6668 47.6949 58.6668 50.2091 57.1047 51.7712C55.5426 53.3333 53.0284 53.3333 48.0002 53.3333C42.9719 53.3333 40.4578 53.3333 38.8956 51.7712C37.3335 50.2091 37.3335 47.6949 37.3335 42.6667Z\" fill=\"#BFBFBF\" stroke=\"#BFBFBF\" stroke-width=\"6\"\/>\n<path d=\"M37.3335 42.6667V31.6337C37.3335 21.8553 44.042 13.5623 53.3335 10.6667\" stroke=\"#BFBFBF\" stroke-width=\"6\"\/>\n<path d=\"M5.3335 42.6667C5.3335 37.6384 5.3335 35.1243 6.8956 33.5621C8.45768 32 10.9718 32 16.0002 32C21.0285 32 23.5426 32 25.1047 33.5621C26.6668 35.1243 26.6668 37.6384 26.6668 42.6667C26.6668 47.6949 26.6668 50.2091 25.1047 51.7712C23.5426 53.3333 21.0285 53.3333 16.0002 53.3333C10.9718 53.3333 8.45768 53.3333 6.8956 51.7712C5.3335 50.2091 5.3335 47.6949 5.3335 42.6667Z\" fill=\"#BFBFBF\" stroke=\"#BFBFBF\" stroke-width=\"6\"\/>\n<path d=\"M5.3335 42.6667V31.6337C5.3335 21.8553 12.0421 13.5623 21.3335 10.6667\" stroke=\"#BFBFBF\" stroke-width=\"6\"\/>\n<\/svg>\n\n                        <div><p>Die Flowin-API l\u00e4uft reibungslos innerhalb unserer bestehenden Software und f\u00fcgt eine zus\u00e4tzliche Ebene der technischen Sicherheit hinzu, w\u00e4hrend wir weiterhin die volle Kontrolle behalten k\u00f6nnen. Die Peppol-Verbindung ist ein nat\u00fcrlicher Teil unserer Plattform geworden. F\u00fcr uns war das genau die Kombination, die wir brauchten.  <\/p>\n<\/div>\n                    <\/div>\n                    <div class=\"gc-quotes__bottom\">\n                                                    <img decoding=\"async\" width=\"64\" height=\"64\" src=\"https:\/\/myflowin.com\/wp-content\/uploads\/BVD.svg\" class=\"gc-quotes__image\" alt=\"\" \/>                                                <div class=\"gc-quotes__bottom-text\">\n                            <div class=\"gc-quotes__name\">Bart Van der Donck<\/div>\n                            <div>CEO, myKMO<\/div>\n                        <\/div>\n                    <\/div>\n                <\/li>\n                            <li class=\"gc-quotes__item fs-small\">\n                    <div>\n                        <svg class='gc-quotes__icon' width=\"64\" height=\"64\" viewBox=\"0 0 64 64\" fill=\"none\" xmlns=\"http:\/\/www.w3.org\/2000\/svg\">\n<path d=\"M37.3335 42.6667C37.3335 37.6384 37.3335 35.1243 38.8956 33.5621C40.4578 32 42.9719 32 48.0002 32C53.0284 32 55.5426 32 57.1047 33.5621C58.6668 35.1243 58.6668 37.6384 58.6668 42.6667C58.6668 47.6949 58.6668 50.2091 57.1047 51.7712C55.5426 53.3333 53.0284 53.3333 48.0002 53.3333C42.9719 53.3333 40.4578 53.3333 38.8956 51.7712C37.3335 50.2091 37.3335 47.6949 37.3335 42.6667Z\" fill=\"#BFBFBF\" stroke=\"#BFBFBF\" stroke-width=\"6\"\/>\n<path d=\"M37.3335 42.6667V31.6337C37.3335 21.8553 44.042 13.5623 53.3335 10.6667\" stroke=\"#BFBFBF\" stroke-width=\"6\"\/>\n<path d=\"M5.3335 42.6667C5.3335 37.6384 5.3335 35.1243 6.8956 33.5621C8.45768 32 10.9718 32 16.0002 32C21.0285 32 23.5426 32 25.1047 33.5621C26.6668 35.1243 26.6668 37.6384 26.6668 42.6667C26.6668 47.6949 26.6668 50.2091 25.1047 51.7712C23.5426 53.3333 21.0285 53.3333 16.0002 53.3333C10.9718 53.3333 8.45768 53.3333 6.8956 51.7712C5.3335 50.2091 5.3335 47.6949 5.3335 42.6667Z\" fill=\"#BFBFBF\" stroke=\"#BFBFBF\" stroke-width=\"6\"\/>\n<path d=\"M5.3335 42.6667V31.6337C5.3335 21.8553 12.0421 13.5623 21.3335 10.6667\" stroke=\"#BFBFBF\" stroke-width=\"6\"\/>\n<\/svg>\n\n                        <div><p>Unser Kunde war erstaunt, wie schnell alles funktionierte. Sobald die Peppol-Integration aktiv ist, kommen die Rechnungen fast sofort, buchst\u00e4blich innerhalb von Sekunden. <\/p>\n<\/div>\n                    <\/div>\n                    <div class=\"gc-quotes__bottom\">\n                                                    <img decoding=\"async\" width=\"64\" height=\"64\" src=\"https:\/\/myflowin.com\/wp-content\/uploads\/PM.svg\" class=\"gc-quotes__image\" alt=\"\" \/>                                                <div class=\"gc-quotes__bottom-text\">\n                            <div class=\"gc-quotes__name\">Pieter Meeussen<\/div>\n                            <div>Direktor und leitender Entwickler, Afternoon Software Solutions<\/div>\n                        <\/div>\n                    <\/div>\n                <\/li>\n                    <\/ul>\n<\/div>\n<\/section>\n<!--\n Title: Call To Form\n-->\n\n<section class=\"gc-ctf\">\n    <!--\n    Title: Container\n    Mode: preview\n    SupportsJSX: true\n    Blueprint: false\n-->\n\n\n<div class=\"gc-container gc-container--has-margin\">\n    <div class=\"gc-ctf__inner\">\n                            <div class=\"gc-ctf__title h2\">\n                    Sind Sie bereit anzufangen?\n                <\/div>\n                                        <div class=\"gc-ctf__description fs-small\">\n                    <p>Hunderte von Softwareplattformen bieten \u00fcber Flowin eine Konnektivit\u00e4t f\u00fcr die elektronische Rechnungsstellung.<br \/>\nMit unserer zuverl\u00e4ssigen Peppol-Integration k\u00f6nnen Sie das auch.<\/p>\n\n                <\/div>\n                        <a\n        href=\"https:\/\/myflowin.com\/de\/contact\/\" class=\"gc-button gc-button--border gc-ctf__button\">\n                    Fragen Sie uns alles\n        \n                    <svg class='gc-button__icon' xmlns=\"http:\/\/www.w3.org\/2000\/svg\" viewBox=\"0 0 512 512\"><!--! Font Awesome Pro 7.0.0 by @fontawesome - https:\/\/fontawesome.com License - https:\/\/fontawesome.com\/license (Commercial License) Copyright 2025 Fonticons, Inc. --><path fill=\"currentColor\" d=\"M507.3 267.3c6.2-6.2 6.2-16.4 0-22.6l-176-176c-6.2-6.2-16.4-6.2-22.6 0s-6.2 16.4 0 22.6L457.4 240 16 240c-8.8 0-16 7.2-16 16s7.2 16 16 16l441.4 0-148.7 148.7c-6.2 6.2-6.2 16.4 0 22.6s16.4 6.2 22.6 0l176-176z\"\/><\/svg>\n            <\/a>\n                <\/div>\n<\/div>\n<\/section>\n","protected":false},"excerpt":{"rendered":"","protected":false},"author":1,"featured_media":0,"parent":0,"menu_order":0,"comment_status":"closed","ping_status":"closed","template":"","meta":{"_acf_changed":false,"footnotes":""},"class_list":["post-3900","page","type-page","status-publish","hentry"],"acf":[],"_links":{"self":[{"href":"https:\/\/myflowin.com\/de\/wp-json\/wp\/v2\/pages\/3900","targetHints":{"allow":["GET"]}}],"collection":[{"href":"https:\/\/myflowin.com\/de\/wp-json\/wp\/v2\/pages"}],"about":[{"href":"https:\/\/myflowin.com\/de\/wp-json\/wp\/v2\/types\/page"}],"author":[{"embeddable":true,"href":"https:\/\/myflowin.com\/de\/wp-json\/wp\/v2\/users\/1"}],"replies":[{"embeddable":true,"href":"https:\/\/myflowin.com\/de\/wp-json\/wp\/v2\/comments?post=3900"}],"version-history":[{"count":1,"href":"https:\/\/myflowin.com\/de\/wp-json\/wp\/v2\/pages\/3900\/revisions"}],"predecessor-version":[{"id":3914,"href":"https:\/\/myflowin.com\/de\/wp-json\/wp\/v2\/pages\/3900\/revisions\/3914"}],"wp:attachment":[{"href":"https:\/\/myflowin.com\/de\/wp-json\/wp\/v2\/media?parent=3900"}],"curies":[{"name":"wp","href":"https:\/\/api.w.org\/{rel}","templated":true}]}}