{"id":3894,"date":"2026-03-31T16:31:04","date_gmt":"2026-03-31T14:31:04","guid":{"rendered":"https:\/\/myflowin.com\/preisgestaltung\/"},"modified":"2026-04-28T09:40:25","modified_gmt":"2026-04-28T07:40:25","slug":"preisgestaltung","status":"publish","type":"page","link":"https:\/\/myflowin.com\/de\/preisgestaltung\/","title":{"rendered":"Preisgestaltung"},"content":{"rendered":"<!--\n    Title: Hero\n-->\n\n\n<section class=\"gc-hero\">\n    <!--\n    Title: Container\n    Mode: preview\n    SupportsJSX: true\n    Blueprint: false\n-->\n\n\n<div class=\"gc-container gc-container--small gc-hero__container gc-hero__container--black\">\n    <div class=\"gc-hero__wrapper\">\n                            <div class=\"gc-breadcrumbs gc-hero__breadcrumbs\">\n    <\/div>\n                        <h1 class=\"gc-hero__title\">\n                <p>Erweitern Sie die E-Invoicing-Funktionen Ihrer Software mit einem einfach kalkulierbaren Preismodell.<\/p>\n\n            <\/h1>\n\n            <div class=\"gc-hero__content\">\n                <p>Flowin bietet ein transparentes, abgestuftes Modell ohne Geb\u00fchren pro Dokument und ohne Mindestverpflichtung, so dass Ihre Kosten kalkulierbar bleiben, w\u00e4hrend die Nutzung durch Ihre Kunden w\u00e4chst.<\/p>\n\n            <\/div>\n\n                            <div class=\"gc-hero__buttons\">\n                                            <a\n        href=\"#calc\" class=\"gc-button gc-button--blue gc-hero__button\">\n                    Preis kalkulieren\n        \n                    <svg class='gc-button__icon' xmlns=\"http:\/\/www.w3.org\/2000\/svg\" viewBox=\"0 0 512 512\"><!--! Font Awesome Pro 7.0.0 by @fontawesome - https:\/\/fontawesome.com License - https:\/\/fontawesome.com\/license (Commercial License) Copyright 2025 Fonticons, Inc. --><path fill=\"currentColor\" d=\"M507.3 267.3c6.2-6.2 6.2-16.4 0-22.6l-176-176c-6.2-6.2-16.4-6.2-22.6 0s-6.2 16.4 0 22.6L457.4 240 16 240c-8.8 0-16 7.2-16 16s7.2 16 16 16l441.4 0-148.7 148.7c-6.2 6.2-6.2 16.4 0 22.6s16.4 6.2 22.6 0l176-176z\"\/><\/svg>\n            <\/a>\n                                            <\/div>\n                    <\/div>\n<\/div>\n    <div class=\"gc-hero__parallax\">\n                    <img fetchpriority=\"high\" width=\"2048\" height=\"1138\" src=\"https:\/\/myflowin.com\/wp-content\/uploads\/Pricing-BG-2048x1138.jpg\" class=\"gc-hero__image\" alt=\"\" loading=\"eager\" decoding=\"sync\" srcset=\"https:\/\/myflowin.com\/wp-content\/uploads\/Pricing-BG-2048x1138.jpg 2048w, https:\/\/myflowin.com\/wp-content\/uploads\/Pricing-BG-300x167.jpg 300w, https:\/\/myflowin.com\/wp-content\/uploads\/Pricing-BG-1024x569.jpg 1024w, https:\/\/myflowin.com\/wp-content\/uploads\/Pricing-BG-768x427.jpg 768w, https:\/\/myflowin.com\/wp-content\/uploads\/Pricing-BG-1536x853.jpg 1536w\" sizes=\"(max-width: 2048px) 100vw, 2048px\" \/>            <\/div>\n<\/section>\n\n\n<!--\n    Title: Plans\n-->\n\n<section class=\"gc-plans\">\n    <!--\n    Title: Container\n    Mode: preview\n    SupportsJSX: true\n    Blueprint: false\n-->\n\n\n<div class=\"gc-container gc-container--has-margin gc-plans__container\">\n    <div class=\"gc-plans__intro\">\n                                    <h2 class=\"gc-plans__title\">Sie wissen genau, was Sie zahlen werden, bevor Sie sich festlegen<\/h2>\n                                                    <div class=\"gc-plans__description fs-small\"><p>Erhalten Sie in weniger als 60 Sekunden einen personalisierten Kostenvoranschlag, den Ihr Team getrost f\u00fcr die Budgetierung oder Planung verwenden kann.<\/p>\n<\/div>\n                            <\/div>\n<\/div>\n<\/section>\n\n\n\n<h2 class=\"wp-block-heading\" id=\"calc\"><\/h2>\n\n\n\n<div id=\"flowin-calculator\" style=\"padding-bottom: 60px; padding-top: 60px;\"><\/div>\n<script>\n(function() {\n  var p = window.location.pathname;\n  var lang = p.startsWith('\/nl') ? 'nl' : p.startsWith('\/fr') ? 'fr' : p.startsWith('\/de') ? 'de' : 'en';\n  var params = new URLSearchParams(window.location.search);\n  var src = 'https:\/\/flowin-cost-buddy.lovable.app\/embed?lang=' + lang;\n  ['utm_source','utm_medium','utm_campaign','utm_content','utm_term'].forEach(function(k) {\n    var v = params.get(k);\n    if (v) src += '&' + k + '=' + encodeURIComponent(v);\n  });\n  var iframe = document.createElement('iframe');\n  iframe.src = src;\n  iframe.style.cssText = 'width:100%;border:none;min-height:700px;';\n  iframe.id = 'flowin-calc-iframe';\n  document.getElementById('flowin-calculator').appendChild(iframe);\n  window.addEventListener('message', function(e) {\n    if (e.data && e.data.type === 'flowin-calculator-resize') {\n      iframe.style.height = e.data.height + 'px';\n    }\n  });\n})();\n<\/script>\n\n\n<!--\n    Title: Icons\n-->\n\n<section class=\"gc-icons gc-icons--small-container\">\n    <div class=\"gc-icons__decorator-wrapper\">\n            <img decoding=\"async\" src=\"https:\/\/myflowin.com\/wp-content\/themes\/growl\/assets\/images\/bg-icons.png\" class=\"gc-icons__decorator\" \/>        <\/div>\n        <!--\n    Title: Container\n    Mode: preview\n    SupportsJSX: true\n    Blueprint: false\n-->\n\n\n<div class=\"gc-container gc-container--\">\n    <div class=\"gc-icons__wrapper\">\n            <div class=\"gc-icons__content gc-icons__content--center\">\n                <h2 >\n\t\tIm Leistungsumfang inklusive\n\t<\/h2>                                            <\/div>\n                            <div class=\"gc-icons__icons gc-icons__icons--3\">\n                                            <div class=\"gc-icons__item fs-small gc-icons__item--left\">\n                            <div class=\"gc-icons__item-inner\">\n                                <img decoding=\"async\" width=\"40\" height=\"40\" src=\"https:\/\/myflowin.com\/wp-content\/uploads\/upload.svg\" class=\"gc-icons__icon\" alt=\"\" \/>                                <div class=\"gc-icons__item-title\">Versand E-Rechnung via Peppol <\/div>\n                                                                                            <\/div>\n                        <\/div>\n                                            <div class=\"gc-icons__item fs-small gc-icons__item--left\">\n                            <div class=\"gc-icons__item-inner\">\n                                <img decoding=\"async\" width=\"40\" height=\"40\" src=\"https:\/\/myflowin.com\/wp-content\/uploads\/download.svg\" class=\"gc-icons__icon\" alt=\"\" \/>                                <div class=\"gc-icons__item-title\">Empfang E-Rechnung via Peppol<\/div>\n                                                                                            <\/div>\n                        <\/div>\n                                            <div class=\"gc-icons__item fs-small gc-icons__item--left\">\n                            <div class=\"gc-icons__item-inner\">\n                                <img decoding=\"async\" width=\"40\" height=\"40\" src=\"https:\/\/myflowin.com\/wp-content\/uploads\/switch.svg\" class=\"gc-icons__icon\" alt=\"\" \/>                                <div class=\"gc-icons__item-title\">Gesch\u00e4ftliches und <br \/>\r\ntechnisches Feedback<br \/>\r\nzu Rechnungen<\/div>\n                                                                                            <\/div>\n                        <\/div>\n                                            <div class=\"gc-icons__item fs-small gc-icons__item--left\">\n                            <div class=\"gc-icons__item-inner\">\n                                <img decoding=\"async\" width=\"40\" height=\"40\" src=\"https:\/\/myflowin.com\/wp-content\/uploads\/passport.svg\" class=\"gc-icons__icon\" alt=\"\" \/>                                <div class=\"gc-icons__item-title\">Onboarding <br \/>\r\n\u00dcberpr\u00fcfung (KYC)<\/div>\n                                                                                            <\/div>\n                        <\/div>\n                                            <div class=\"gc-icons__item fs-small gc-icons__item--left\">\n                            <div class=\"gc-icons__item-inner\">\n                                <img decoding=\"async\" width=\"40\" height=\"40\" src=\"https:\/\/myflowin.com\/wp-content\/uploads\/billing.svg\" class=\"gc-icons__icon\" alt=\"\" \/>                                <div class=\"gc-icons__item-title\">Selbstfakturierung<\/div>\n                                                                                            <\/div>\n                        <\/div>\n                                            <div class=\"gc-icons__item fs-small gc-icons__item--left\">\n                            <div class=\"gc-icons__item-inner\">\n                                <img decoding=\"async\" width=\"40\" height=\"40\" src=\"https:\/\/myflowin.com\/wp-content\/uploads\/registration.svg\" class=\"gc-icons__icon\" alt=\"\" \/>                                <div class=\"gc-icons__item-title\">GLN-Registrierung<\/div>\n                                                                                            <\/div>\n                        <\/div>\n                                            <div class=\"gc-icons__item fs-small gc-icons__item--left\">\n                            <div class=\"gc-icons__item-inner\">\n                                <img decoding=\"async\" width=\"40\" height=\"40\" src=\"https:\/\/myflowin.com\/wp-content\/uploads\/local.svg\" class=\"gc-icons__icon\" alt=\"\" \/>                                <div class=\"gc-icons__item-title\">Lokale und EU Formate wie Peppol BIS 3, X.Rechnung, SI-UBL, und andere  <\/div>\n                                                                                            <\/div>\n                        <\/div>\n                                            <div class=\"gc-icons__item fs-small gc-icons__item--left\">\n                            <div class=\"gc-icons__item-inner\">\n                                <img decoding=\"async\" width=\"40\" height=\"40\" src=\"https:\/\/myflowin.com\/wp-content\/uploads\/compliance.svg\" class=\"gc-icons__icon\" alt=\"\" \/>                                <div class=\"gc-icons__item-title\">Konformit\u00e4t mit s\u00e4mtlichen k\u00fcnftigen Peppol-Updates<\/div>\n                                                                                            <\/div>\n                        <\/div>\n                                            <div class=\"gc-icons__item fs-small gc-icons__item--left\">\n                            <div class=\"gc-icons__item-inner\">\n                                <img decoding=\"async\" width=\"40\" height=\"40\" src=\"https:\/\/myflowin.com\/wp-content\/uploads\/peppol-1-1.svg\" class=\"gc-icons__icon\" alt=\"\" \/>                                <div class=\"gc-icons__item-title\">Zertifizierter Peppol Zugangspunkt<\/div>\n                                                                                            <\/div>\n                        <\/div>\n                                    <\/div>\n                                <\/div>\n<\/div>\n<\/section>\n\n\n<!--\n    Title: FAQ\n-->\n\n<section class=\"gc-faq\" itemscope=\"itemscope\" itemtype=\"https:\/\/schema.org\/FAQPage\">\n    <!--\n    Title: Container\n    Mode: preview\n    SupportsJSX: true\n    Blueprint: false\n-->\n\n\n<div class=\"gc-container gc-container--has-margin\">\n    <h2 class=\"gc-faq__title\">Allgemeine Fragen<\/h2>\n        <ul class=\"gc-faq__list\">\n                            <li class=\"gc-faq__question-item\" x-data=\"faq(false)\" itemscope itemprop=\"mainEntity\" itemtype=\"https:\/\/schema.org\/Question\"\n                    @click=\"toggle\">\n                    <div class=\"gc-faq__question\">\n                        <h3 class=\"gc-faq__question-title h5\" itemprop=\"name\">Wie genau ist diese Sch\u00e4tzung?<\/h3>\n\n                        <span class=\"gc-faq__question-icon\">\n                            <svg class='gc-faq__question-icon-svg' x-show='!expanded' width=\"14\" height=\"14\" viewBox=\"0 0 14 14\" fill=\"none\" xmlns=\"http:\/\/www.w3.org\/2000\/svg\">\n<path d=\"M6.58333 1.25V11.9167M11.9167 6.58333H1.25\" stroke=\"#3433E2\" stroke-width=\"2.5\" stroke-linecap=\"round\" stroke-linejoin=\"round\"\/>\n<\/svg>\n                            <svg class='gc-faq__question-icon-svg' x-show='expanded' width=\"14\" height=\"3\" viewBox=\"0 0 14 3\" fill=\"none\" xmlns=\"http:\/\/www.w3.org\/2000\/svg\">\n<path d=\"M11.9167 1.25H1.25\" stroke=\"#3433E2\" stroke-width=\"2.5\" stroke-linecap=\"round\" stroke-linejoin=\"round\"\/>\n<\/svg>\n                        <\/span>\n                    <\/div>\n\n                    <div class=\"gc-faq__answer\" x-show=\"expanded\" x-cloak x-collapse itemscope itemprop=\"acceptedAnswer\"\n                        itemtype=\"https:\/\/schema.org\/Answer\">\n                        <div class=\"gc-faq__answer-text fs-small\" itemprop=\"text\">\n                            <p>Dieser Rechner verwendet die gleiche Preislogik wie unser Verkaufsteam. Die Sch\u00e4tzung spiegelt die tats\u00e4chlichen Vertragspreise auf der Grundlage Ihres Volumens wider &#8211; keine \u00dcberraschungen bei der Vertragsunterzeichnung. <\/p>\n\n                        <\/div>\n                    <\/div>\n                <\/li>\n                            <li class=\"gc-faq__question-item\" x-data=\"faq(false)\" itemscope itemprop=\"mainEntity\" itemtype=\"https:\/\/schema.org\/Question\"\n                    @click=\"toggle\">\n                    <div class=\"gc-faq__question\">\n                        <h3 class=\"gc-faq__question-title h5\" itemprop=\"name\">Was ist, wenn sich mein Volumen von Monat zu Monat \u00e4ndert?<\/h3>\n\n                        <span class=\"gc-faq__question-icon\">\n                            <svg class='gc-faq__question-icon-svg' x-show='!expanded' width=\"14\" height=\"14\" viewBox=\"0 0 14 14\" fill=\"none\" xmlns=\"http:\/\/www.w3.org\/2000\/svg\">\n<path d=\"M6.58333 1.25V11.9167M11.9167 6.58333H1.25\" stroke=\"#3433E2\" stroke-width=\"2.5\" stroke-linecap=\"round\" stroke-linejoin=\"round\"\/>\n<\/svg>\n                            <svg class='gc-faq__question-icon-svg' x-show='expanded' width=\"14\" height=\"3\" viewBox=\"0 0 14 3\" fill=\"none\" xmlns=\"http:\/\/www.w3.org\/2000\/svg\">\n<path d=\"M11.9167 1.25H1.25\" stroke=\"#3433E2\" stroke-width=\"2.5\" stroke-linecap=\"round\" stroke-linejoin=\"round\"\/>\n<\/svg>\n                        <\/span>\n                    <\/div>\n\n                    <div class=\"gc-faq__answer\" x-show=\"expanded\" x-cloak x-collapse itemscope itemprop=\"acceptedAnswer\"\n                        itemtype=\"https:\/\/schema.org\/Answer\">\n                        <div class=\"gc-faq__answer-text fs-small\" itemprop=\"text\">\n                            <p>Ihre Stufe wird monatlich berechnet. Wenn das Volumen sinkt, zahlen Sie weniger (vorbehaltlich einer Mindestgeb\u00fchr nach 6 Monaten). Wenn es w\u00e4chst, erhalten Sie automatisch bessere Tarife.  <\/p>\n\n                        <\/div>\n                    <\/div>\n                <\/li>\n                            <li class=\"gc-faq__question-item\" x-data=\"faq(false)\" itemscope itemprop=\"mainEntity\" itemtype=\"https:\/\/schema.org\/Question\"\n                    @click=\"toggle\">\n                    <div class=\"gc-faq__question\">\n                        <h3 class=\"gc-faq__question-title h5\" itemprop=\"name\">Gibt es irgendwelche versteckten Geb\u00fchren oder Einrichtungskosten?<\/h3>\n\n                        <span class=\"gc-faq__question-icon\">\n                            <svg class='gc-faq__question-icon-svg' x-show='!expanded' width=\"14\" height=\"14\" viewBox=\"0 0 14 14\" fill=\"none\" xmlns=\"http:\/\/www.w3.org\/2000\/svg\">\n<path d=\"M6.58333 1.25V11.9167M11.9167 6.58333H1.25\" stroke=\"#3433E2\" stroke-width=\"2.5\" stroke-linecap=\"round\" stroke-linejoin=\"round\"\/>\n<\/svg>\n                            <svg class='gc-faq__question-icon-svg' x-show='expanded' width=\"14\" height=\"3\" viewBox=\"0 0 14 3\" fill=\"none\" xmlns=\"http:\/\/www.w3.org\/2000\/svg\">\n<path d=\"M11.9167 1.25H1.25\" stroke=\"#3433E2\" stroke-width=\"2.5\" stroke-linecap=\"round\" stroke-linejoin=\"round\"\/>\n<\/svg>\n                        <\/span>\n                    <\/div>\n\n                    <div class=\"gc-faq__answer\" x-show=\"expanded\" x-cloak x-collapse itemscope itemprop=\"acceptedAnswer\"\n                        itemtype=\"https:\/\/schema.org\/Answer\">\n                        <div class=\"gc-faq__answer-text fs-small\" itemprop=\"text\">\n                            <p>Keine Einrichtungsgeb\u00fchren, keine Onboarding-Kosten, keine Geb\u00fchren pro Sitzplatz f\u00fcr KMU-Tarife. Enterprise-Tarife k\u00f6nnen nach Absprache speziellen Support beinhalten. Alle Geb\u00fchren werden im Voraus ausgewiesen.<\/p>\n\n                        <\/div>\n                    <\/div>\n                <\/li>\n                            <li class=\"gc-faq__question-item\" x-data=\"faq(false)\" itemscope itemprop=\"mainEntity\" itemtype=\"https:\/\/schema.org\/Question\"\n                    @click=\"toggle\">\n                    <div class=\"gc-faq__question\">\n                        <h3 class=\"gc-faq__question-title h5\" itemprop=\"name\">Wie hoch ist die Mindestverpflichtung?<\/h3>\n\n                        <span class=\"gc-faq__question-icon\">\n                            <svg class='gc-faq__question-icon-svg' x-show='!expanded' width=\"14\" height=\"14\" viewBox=\"0 0 14 14\" fill=\"none\" xmlns=\"http:\/\/www.w3.org\/2000\/svg\">\n<path d=\"M6.58333 1.25V11.9167M11.9167 6.58333H1.25\" stroke=\"#3433E2\" stroke-width=\"2.5\" stroke-linecap=\"round\" stroke-linejoin=\"round\"\/>\n<\/svg>\n                            <svg class='gc-faq__question-icon-svg' x-show='expanded' width=\"14\" height=\"3\" viewBox=\"0 0 14 3\" fill=\"none\" xmlns=\"http:\/\/www.w3.org\/2000\/svg\">\n<path d=\"M11.9167 1.25H1.25\" stroke=\"#3433E2\" stroke-width=\"2.5\" stroke-linecap=\"round\" stroke-linejoin=\"round\"\/>\n<\/svg>\n                        <\/span>\n                    <\/div>\n\n                    <div class=\"gc-faq__answer\" x-show=\"expanded\" x-cloak x-collapse itemscope itemprop=\"acceptedAnswer\"\n                        itemtype=\"https:\/\/schema.org\/Answer\">\n                        <div class=\"gc-faq__answer-text fs-small\" itemprop=\"text\">\n                            <p>In den ersten 6 Monaten zahlen Sie nur f\u00fcr das, was Sie nutzen. Danach gilt ein stufenweises Minimum, um eine nachhaltige Supportqualit\u00e4t zu gew\u00e4hrleisten. <\/p>\n\n                        <\/div>\n                    <\/div>\n                <\/li>\n                            <li class=\"gc-faq__question-item\" x-data=\"faq(false)\" itemscope itemprop=\"mainEntity\" itemtype=\"https:\/\/schema.org\/Question\"\n                    @click=\"toggle\">\n                    <div class=\"gc-faq__question\">\n                        <h3 class=\"gc-faq__question-title h5\" itemprop=\"name\">Kann ich ein formelles Angebot f\u00fcr die Einkaufsabteilung erhalten?<\/h3>\n\n                        <span class=\"gc-faq__question-icon\">\n                            <svg class='gc-faq__question-icon-svg' x-show='!expanded' width=\"14\" height=\"14\" viewBox=\"0 0 14 14\" fill=\"none\" xmlns=\"http:\/\/www.w3.org\/2000\/svg\">\n<path d=\"M6.58333 1.25V11.9167M11.9167 6.58333H1.25\" stroke=\"#3433E2\" stroke-width=\"2.5\" stroke-linecap=\"round\" stroke-linejoin=\"round\"\/>\n<\/svg>\n                            <svg class='gc-faq__question-icon-svg' x-show='expanded' width=\"14\" height=\"3\" viewBox=\"0 0 14 3\" fill=\"none\" xmlns=\"http:\/\/www.w3.org\/2000\/svg\">\n<path d=\"M11.9167 1.25H1.25\" stroke=\"#3433E2\" stroke-width=\"2.5\" stroke-linecap=\"round\" stroke-linejoin=\"round\"\/>\n<\/svg>\n                        <\/span>\n                    <\/div>\n\n                    <div class=\"gc-faq__answer\" x-show=\"expanded\" x-cloak x-collapse itemscope itemprop=\"acceptedAnswer\"\n                        itemtype=\"https:\/\/schema.org\/Answer\">\n                        <div class=\"gc-faq__answer-text fs-small\" itemprop=\"text\">\n                            <p>Ja! Nachdem Sie den Rechner ausgef\u00fcllt haben, k\u00f6nnen Sie eine PDF-Aufschl\u00fcsselung anfordern. Wenn Ihr Beschaffungsteam ein formelles Angebot ben\u00f6tigt, wenden Sie sich einfach an <a href=\"mailto:info@myflowin.com\">info@myflowin.com,<\/a> und wir stellen Ihnen die erforderlichen Unterlagen zur Verf\u00fcgung.<\/p>\n\n                        <\/div>\n                    <\/div>\n                <\/li>\n                    <\/ul>\n<\/div>\n<\/section>\n\n\n<!--\n Title: Call To Form\n-->\n\n<section class=\"gc-ctf\">\n    <!--\n    Title: Container\n    Mode: preview\n    SupportsJSX: true\n    Blueprint: false\n-->\n\n\n<div class=\"gc-container gc-container--has-margin\">\n    <div class=\"gc-ctf__inner\">\n                            <div class=\"gc-ctf__title h2\">\n                    Bereit, in den Flow zu kommen?\n                <\/div>\n                                        <div class=\"gc-ctf__description fs-small\">\n                    <p>Hunderte von Softwarel\u00f6sungen bieten E-Rechnungs-Konnektivit\u00e4t \u00fcber Flowin. Mit einer zuverl\u00e4ssigen Peppol-Integration k\u00f6nnen Sie das auch.<\/p>\n\n                <\/div>\n                        <a\n        href=\"https:\/\/myflowin.com\/de\/contact\/\" class=\"gc-button gc-button--border gc-ctf__button\">\n                    Telefonat vereinbaren\n        \n                    <svg class='gc-button__icon' xmlns=\"http:\/\/www.w3.org\/2000\/svg\" viewBox=\"0 0 512 512\"><!--! Font Awesome Pro 7.0.0 by @fontawesome - https:\/\/fontawesome.com License - https:\/\/fontawesome.com\/license (Commercial License) Copyright 2025 Fonticons, Inc. --><path fill=\"currentColor\" d=\"M507.3 267.3c6.2-6.2 6.2-16.4 0-22.6l-176-176c-6.2-6.2-16.4-6.2-22.6 0s-6.2 16.4 0 22.6L457.4 240 16 240c-8.8 0-16 7.2-16 16s7.2 16 16 16l441.4 0-148.7 148.7c-6.2 6.2-6.2 16.4 0 22.6s16.4 6.2 22.6 0l176-176z\"\/><\/svg>\n            <\/a>\n                <\/div>\n<\/div>\n<\/section>\n","protected":false},"excerpt":{"rendered":"","protected":false},"author":1,"featured_media":0,"parent":0,"menu_order":0,"comment_status":"closed","ping_status":"closed","template":"","meta":{"_acf_changed":false,"footnotes":""},"class_list":["post-3894","page","type-page","status-publish","hentry"],"acf":[],"_links":{"self":[{"href":"https:\/\/myflowin.com\/de\/wp-json\/wp\/v2\/pages\/3894","targetHints":{"allow":["GET"]}}],"collection":[{"href":"https:\/\/myflowin.com\/de\/wp-json\/wp\/v2\/pages"}],"about":[{"href":"https:\/\/myflowin.com\/de\/wp-json\/wp\/v2\/types\/page"}],"author":[{"embeddable":true,"href":"https:\/\/myflowin.com\/de\/wp-json\/wp\/v2\/users\/1"}],"replies":[{"embeddable":true,"href":"https:\/\/myflowin.com\/de\/wp-json\/wp\/v2\/comments?post=3894"}],"version-history":[{"count":5,"href":"https:\/\/myflowin.com\/de\/wp-json\/wp\/v2\/pages\/3894\/revisions"}],"predecessor-version":[{"id":4516,"href":"https:\/\/myflowin.com\/de\/wp-json\/wp\/v2\/pages\/3894\/revisions\/4516"}],"wp:attachment":[{"href":"https:\/\/myflowin.com\/de\/wp-json\/wp\/v2\/media?parent=3894"}],"curies":[{"name":"wp","href":"https:\/\/api.w.org\/{rel}","templated":true}]}}